{"id":1024,"date":"2024-10-09T14:31:44","date_gmt":"2024-10-09T12:31:44","guid":{"rendered":"https:\/\/poleasingowe.pl\/blog\/csr\/"},"modified":"2026-01-05T15:16:49","modified_gmt":"2026-01-05T14:16:49","slug":"csr","status":"publish","type":"page","link":"https:\/\/poleasingowe.pl\/blog\/csr\/","title":{"rendered":"CSR"},"content":{"rendered":"","protected":false},"excerpt":{"rendered":"","protected":false},"author":1,"featured_media":0,"parent":0,"menu_order":0,"comment_status":"close","ping_status":"close","template":"templates\/csr.php","meta":{"footnotes":""},"class_list":["post-1024","page","type-page","status-publish","hentry"],"yoast_head":"<!-- This site is optimized with the Yoast SEO Premium plugin v24.4 (Yoast SEO v24.4) - https:\/\/yoast.com\/wordpress\/plugins\/seo\/ -->\n<title>CSR - Blog Poleasingowe.pl<\/title>\n<meta name=\"robots\" content=\"index, follow, max-snippet:-1, max-image-preview:large, max-video-preview:-1\" \/>\n<link rel=\"canonical\" href=\"https:\/\/poleasingowe.pl\/blog\/csr\/\" \/>\n<meta property=\"og:locale\" content=\"pl_PL\" \/>\n<meta property=\"og:type\" content=\"article\" \/>\n<meta property=\"og:title\" content=\"CSR\" \/>\n<meta property=\"og:url\" content=\"https:\/\/poleasingowe.pl\/blog\/csr\/\" \/>\n<meta property=\"og:site_name\" content=\"Blog Poleasingowe.pl\" \/>\n<meta property=\"article:publisher\" content=\"https:\/\/www.facebook.com\/poleasingowepl\" \/>\n<meta property=\"article:modified_time\" content=\"2026-01-05T14:16:49+00:00\" \/>\n<meta name=\"twitter:card\" content=\"summary_large_image\" \/>\n<script type=\"application\/ld+json\" class=\"yoast-schema-graph\">{\"@context\":\"https:\/\/schema.org\",\"@graph\":[{\"@type\":\"WebPage\",\"@id\":\"https:\/\/poleasingowe.pl\/blog\/csr\/\",\"url\":\"https:\/\/poleasingowe.pl\/blog\/csr\/\",\"name\":\"CSR - Blog Poleasingowe.pl\",\"isPartOf\":{\"@id\":\"https:\/\/poleasingowe.pl\/blog\/#website\"},\"datePublished\":\"2024-10-09T12:31:44+00:00\",\"dateModified\":\"2026-01-05T14:16:49+00:00\",\"breadcrumb\":{\"@id\":\"https:\/\/poleasingowe.pl\/blog\/csr\/#breadcrumb\"},\"inLanguage\":\"pl-PL\",\"potentialAction\":[{\"@type\":\"ReadAction\",\"target\":[\"https:\/\/poleasingowe.pl\/blog\/csr\/\"]}]},{\"@type\":\"BreadcrumbList\",\"@id\":\"https:\/\/poleasingowe.pl\/blog\/csr\/#breadcrumb\",\"itemListElement\":[{\"@type\":\"ListItem\",\"position\":1,\"name\":\"Strona g\u0142\u00f3wna\",\"item\":\"https:\/\/poleasingowe.pl\/blog\/\"},{\"@type\":\"ListItem\",\"position\":2,\"name\":\"CSR\"}]},{\"@type\":\"WebSite\",\"@id\":\"https:\/\/poleasingowe.pl\/blog\/#website\",\"url\":\"https:\/\/poleasingowe.pl\/blog\/\",\"name\":\"Blog Poleasingowe.pl\",\"description\":\"Blog Poleasingowe.pl\",\"publisher\":{\"@id\":\"https:\/\/poleasingowe.pl\/blog\/#organization\"},\"potentialAction\":[{\"@type\":\"SearchAction\",\"target\":{\"@type\":\"EntryPoint\",\"urlTemplate\":\"https:\/\/poleasingowe.pl\/blog\/?s={search_term_string}\"},\"query-input\":{\"@type\":\"PropertyValueSpecification\",\"valueRequired\":true,\"valueName\":\"search_term_string\"}}],\"inLanguage\":\"pl-PL\"},{\"@type\":\"Organization\",\"@id\":\"https:\/\/poleasingowe.pl\/blog\/#organization\",\"name\":\"Blog Poleasingowe.pl\",\"url\":\"https:\/\/poleasingowe.pl\/blog\/\",\"logo\":{\"@type\":\"ImageObject\",\"inLanguage\":\"pl-PL\",\"@id\":\"https:\/\/poleasingowe.pl\/blog\/#\/schema\/logo\/image\/\",\"url\":\"https:\/\/poleasingowe.pl\/blog\/wp-content\/uploads\/2024\/11\/cropped-fav_red_white.png\",\"contentUrl\":\"https:\/\/poleasingowe.pl\/blog\/wp-content\/uploads\/2024\/11\/cropped-fav_red_white.png\",\"width\":512,\"height\":512,\"caption\":\"Blog Poleasingowe.pl\"},\"image\":{\"@id\":\"https:\/\/poleasingowe.pl\/blog\/#\/schema\/logo\/image\/\"},\"sameAs\":[\"https:\/\/www.facebook.com\/poleasingowepl\",\"https:\/\/www.linkedin.com\/showcase\/poleasingowepl\/\",\"https:\/\/www.instagram.com\/poleasingowe.pl\/\"]}]}<\/script>\n<!-- \/ Yoast SEO Premium plugin. -->","yoast_head_json":{"title":"CSR - Blog Poleasingowe.pl","robots":{"index":"index","follow":"follow","max-snippet":"max-snippet:-1","max-image-preview":"max-image-preview:large","max-video-preview":"max-video-preview:-1"},"canonical":"https:\/\/poleasingowe.pl\/blog\/csr\/","og_locale":"pl_PL","og_type":"article","og_title":"CSR","og_url":"https:\/\/poleasingowe.pl\/blog\/csr\/","og_site_name":"Blog Poleasingowe.pl","article_publisher":"https:\/\/www.facebook.com\/poleasingowepl","article_modified_time":"2026-01-05T14:16:49+00:00","twitter_card":"summary_large_image","schema":{"@context":"https:\/\/schema.org","@graph":[{"@type":"WebPage","@id":"https:\/\/poleasingowe.pl\/blog\/csr\/","url":"https:\/\/poleasingowe.pl\/blog\/csr\/","name":"CSR - Blog Poleasingowe.pl","isPartOf":{"@id":"https:\/\/poleasingowe.pl\/blog\/#website"},"datePublished":"2024-10-09T12:31:44+00:00","dateModified":"2026-01-05T14:16:49+00:00","breadcrumb":{"@id":"https:\/\/poleasingowe.pl\/blog\/csr\/#breadcrumb"},"inLanguage":"pl-PL","potentialAction":[{"@type":"ReadAction","target":["https:\/\/poleasingowe.pl\/blog\/csr\/"]}]},{"@type":"BreadcrumbList","@id":"https:\/\/poleasingowe.pl\/blog\/csr\/#breadcrumb","itemListElement":[{"@type":"ListItem","position":1,"name":"Strona g\u0142\u00f3wna","item":"https:\/\/poleasingowe.pl\/blog\/"},{"@type":"ListItem","position":2,"name":"CSR"}]},{"@type":"WebSite","@id":"https:\/\/poleasingowe.pl\/blog\/#website","url":"https:\/\/poleasingowe.pl\/blog\/","name":"Blog Poleasingowe.pl","description":"Blog Poleasingowe.pl","publisher":{"@id":"https:\/\/poleasingowe.pl\/blog\/#organization"},"potentialAction":[{"@type":"SearchAction","target":{"@type":"EntryPoint","urlTemplate":"https:\/\/poleasingowe.pl\/blog\/?s={search_term_string}"},"query-input":{"@type":"PropertyValueSpecification","valueRequired":true,"valueName":"search_term_string"}}],"inLanguage":"pl-PL"},{"@type":"Organization","@id":"https:\/\/poleasingowe.pl\/blog\/#organization","name":"Blog Poleasingowe.pl","url":"https:\/\/poleasingowe.pl\/blog\/","logo":{"@type":"ImageObject","inLanguage":"pl-PL","@id":"https:\/\/poleasingowe.pl\/blog\/#\/schema\/logo\/image\/","url":"https:\/\/poleasingowe.pl\/blog\/wp-content\/uploads\/2024\/11\/cropped-fav_red_white.png","contentUrl":"https:\/\/poleasingowe.pl\/blog\/wp-content\/uploads\/2024\/11\/cropped-fav_red_white.png","width":512,"height":512,"caption":"Blog Poleasingowe.pl"},"image":{"@id":"https:\/\/poleasingowe.pl\/blog\/#\/schema\/logo\/image\/"},"sameAs":["https:\/\/www.facebook.com\/poleasingowepl","https:\/\/www.linkedin.com\/showcase\/poleasingowepl\/","https:\/\/www.instagram.com\/poleasingowe.pl\/"]}]}},"meta_box":{"about_description_subheader":"","about_description_header":"","about_description_text_left":"","about_description_text_right":"","about_numbers_subheader":"","about_numbers_header":"","about_numbers_2":"","about_numbers_3":"","about_numbers_4":"","about_numbers_5":"","about_numbers_6":"","about_description_video":"","about_team_subheader":"","about_team_header":"","about_team_image":false,"about_team_description_left":"","about_team_description_right":"","about_history_subheader":"","about_history_header":"","about_history_years":[],"about_locations_subheader":"","about_locations_header":"","about_locations_text":"","about_locations_items":[],"about_csr_subheader":"","about_csr_header":"","about_csr_text":"","about_csr_items":[],"financing_description_subheader":"","financing_description_header":"","financing_description_text":"","financing_description_image":false,"financing_description_video":"","financing_contact_subheader":"","financing_contact_header":"","financing_email":"","financing_phone":"","financing_form":"","insurance_description_subheader":"","insurance_description_header":"","insurance_description_text":"","insurance_description_image":false,"insurance_description_video":"","insurance_contact_subheader":"","insurance_contact_header":"","insurance_email":"","insurance_phone":"","insurance_form":"","insurance_gap_subheader":"","insurance_gap_header":"","insurance_gap_image":false,"insurance_gap_text":"","insurance2_description_subheader":"","insurance2_description_header":"","insurance2_description_text":"","insurance2_description_image":false,"insurance2_description_video":"","insurance2_contact_subheader":"","insurance2_contact_header":"","insurance2_email":"","insurance2_phone_1":"","insurance2_phone_2":"","insurance2_form":"","vinspection_description_subheader":"","vinspection_description_header":"","vinspection_description_text":"","vinspection_description_video":"","vinspection_price_subheader":"","vinspection_price_header":"","vinspection_price_text":"","vinspection_price_box_header":"","vinspection_price_box_price_feature":[],"vinspection_price_box_subheader":"","vinspection_price_box_price_regular":"","vinspection_price_box_price_promo":"","vinspection_price_box_price_vat":"","vinspection_price_box_price_button":"","settlement_description_subheader":"","settlement_description_header":"","settlement_description_text":"","settlement_description_image":false,"settlement_description_video":"","settlement_contact_subheader":"","settlement_contact_header":"","settlement_email":"","settlement_phone":"","settlement_form":"","buyback_description_subheader":"","buyback_description_header":"","buyback_description_text":"","buyback_description_image":false,"buyback_description_video":"","buyback_contact_subheader":"","buyback_contact_header":"","buyback_email":"","buyback_phone":"","buyback_form":"","transport_description_subheader":"","transport_description_header":"","transport_description_text":"","transport_description_image":false,"transport_description_video":"","transport_contact_subheader":"","transport_contact_header":"","transport_email":"","transport_phone":"","transport_form":"","fleet_description_subheader":"","fleet_description_header":"","fleet_description_text":"","fleet_contact_subheader":"","fleet_email":"","fleet_phone":"","fleet_contact_text":"","fleet_form":"","csr_description_subheader":"Dzia\u0142ania CSR","csr_description_header":"Spo\u0142eczna odpowiedzialno\u015b\u0107 biznesu","csr_description_text":"<p>Wierzymy w spo\u0142eczn\u0105 odpowiedzialno\u015b\u0107 biznesu i aktywnie uczestniczymy w inicjatywach charytatywnych, maj\u0105cych na celu wspieranie spo\u0142eczno\u015bci oraz niesienie pomocy potrzebuj\u0105cym.<\/p>\n","csr_description_image":{"width":150,"height":150,"file":"2026\/01\/csr-2.jpeg","filesize":103157,"sizes":{"medium":{"file":"csr-2-510x340.jpeg","width":510,"height":340,"mime-type":"image\/jpeg","filesize":26041,"url":"https:\/\/poleasingowe.pl\/blog\/wp-content\/uploads\/2026\/01\/csr-2-510x340.jpeg"},"large":{"file":"csr-2-900x600.jpeg","width":900,"height":600,"mime-type":"image\/jpeg","filesize":63108,"url":"https:\/\/poleasingowe.pl\/blog\/wp-content\/uploads\/2026\/01\/csr-2-900x600.jpeg"},"thumbnail":{"file":"csr-2-150x150.jpeg","width":150,"height":150,"mime-type":"image\/jpeg","filesize":5867,"url":"https:\/\/poleasingowe.pl\/blog\/wp-content\/uploads\/2026\/01\/csr-2-150x150.jpeg"},"medium_large":{"file":"csr-2-768x512.jpeg","width":768,"height":512,"mime-type":"image\/jpeg","filesize":48290,"url":"https:\/\/poleasingowe.pl\/blog\/wp-content\/uploads\/2026\/01\/csr-2-768x512.jpeg"}},"image_meta":{"aperture":"0","credit":"","camera":"","caption":"","created_timestamp":"0","copyright":"","focal_length":"0","iso":"0","shutter_speed":"0","title":"","orientation":"0","keywords":[]},"ID":"1872","name":"csr-2.jpeg","path":"\/var\/www\/html\/wordpress\/blog\/wp-content\/uploads\/2026\/01\/csr-2.jpeg","url":"https:\/\/poleasingowe.pl\/blog\/wp-content\/uploads\/2026\/01\/csr-2-150x150.jpeg","full_url":"https:\/\/poleasingowe.pl\/blog\/wp-content\/uploads\/2026\/01\/csr-2.jpeg","title":"csr-2","caption":"","description":"","alt":"","srcset":false},"csr_actions_list":[{"csr_action_title":"Razem dla dzieci poszkodowanych w wypadkach","csr_action_image":"1821","csr_action_description":"Ka\u017cda zako\u0144czona aukcja na naszym portalu to 15 z\u0142 przekazane na wsparcie fundacji Sta4s4Stars Rafa\u0142a Sonika. Fundacja ta niesie pomoc dzieciom poszkodowanym w wypadkach samochodowych, zapewniaj\u0105c im niezb\u0119dn\u0105 opiek\u0119 i wsparcie."},{"csr_action_title":"Wielka Wyprawa Maluch\u00f3w","csr_action_image":"1769","csr_action_description":"Jeste\u015bmy partnerem wspieraj\u0105cym to wydarzenie, kt\u00f3rego celem jest edukacja m\u0142odych pokole\u0144 w zakresie \u015bwiadomego uczestnictwa w ruchu drogowym. Wspieramy r\u00f3wnie\u017c dzieci, kt\u00f3re w wyniku wypadk\u00f3w potrzebuj\u0105 intensywnej opieki. Wsp\u00f3\u0142pracujemy z ambasadorami wydarzenia, takimi jak Longin Bielak, Sobies\u0142aw Zasada, Janusz Szerla, Rafa\u0142 Sonik, Kajetan Kajetanowicz, Bartosz Osta\u0142owski i Remigiusz \"Rezigiusz\" Wierzgo\u0144, aby wsp\u00f3lnie promowa\u0107 bezpiecze\u0144stwo na drogach i pomaga\u0107 poszkodowanym dzieciom."},{"csr_action_title":"Poleasingowe.pl dla os\u00f3b w spektrum autyzmu ","csr_action_image":"1823","csr_action_description":"Na Poleasingowe.pl odby\u0142a si\u0119 wyj\u0105tkowa aukcja charytatywna, podczas kt\u00f3rej wylicytowano Alf\u0119 Romeo Giuli\u0119 Quadrifoglio 100th Anniversario \u2013 jedyn\u0105 tak\u0105 w Polsce. Samoch\u00f3d sprzedano za 411 300 z\u0142, a ca\u0142y doch\u00f3d przeznaczono na budow\u0119 Domu na Zawsze w Parzniewie \u2013 miejsca stworzonego przez Fundacj\u0119 \u201ePrzyl\u0105dek\u201d dla os\u00f3b w spektrum autyzmu."},{"csr_action_title":"Wspieramy WO\u015aP","csr_action_image":"1843","csr_action_description":"Od kilku lat aktywnie wspieramy Wielk\u0105 Orkiestr\u0119 \u015awi\u0105tecznej Pomocy (WO\u015aP), kt\u00f3ra od lat niesie pomoc medyczn\u0105 i ratunkow\u0105 najbardziej potrzebuj\u0105cym. Przekazujemy samochody na licytacje, stanowi\u0105ce nasz wk\u0142ad w t\u0119 szlachetn\u0105 inicjatyw\u0119. W 2024 roku przekazali\u015bmy Forda Escorta, w 2023 kolorowego VW Polo Harlekina, a w 2022 wyj\u0105tkowego Forda Sierr\u0119. \u0141\u0105cznie, nasze pojazdy wspar\u0142y WO\u015aP sum\u0105 ponad 130 000 z\u0142otych."},{"csr_action_title":"Wspieramy Franka Ha\u0142atnika","csr_action_image":"1091","csr_action_description":"Jeste\u015bmy dumnym sponsorem m\u0142odego kierowcy F4, Franka Ha\u0142atnika. Wierzymy w jego talent i wspieramy go od pocz\u0105tku jego kariery w motorsporcie. Jeste\u015bmy szcz\u0119\u015bliwi, \u017ce mo\u017cemy przyczyni\u0107 si\u0119 do jego rozwoju i przysz\u0142ych sukces\u00f3w, b\u0119d\u0105c \u015bwiadkami jego rosn\u0105cych osi\u0105gni\u0119\u0107."},{"csr_action_title":"Charytatywny Rajd Koguta","csr_action_image":"1845","csr_action_description":"Anga\u017cujemy si\u0119 w charytatywny Rajd Koguta, kt\u00f3ry co roku zbiera fundusze na szczytne cele. W 2023 roku na fina\u0142 rajdu przekazali\u015bmy odrestaurowanego przez nas Wartburga z 1990 roku jako nagrod\u0119 w konkursie oraz VW Passata z 1993 roku na licytacj\u0119. Dzi\u0119ki temu, ponad 40 tysi\u0119cy z\u0142otych trafi\u0142o na konto potrzebuj\u0105cych dzieci i rodzin."},{"csr_action_title":"Wsparcie fundacji Na Ratunek","csr_action_image":"1089","csr_action_description":"W latach 2018-2023 wspierali\u015bmy fundacj\u0119 Na Ratunek, przekazuj\u0105c ponad 100 000 z\u0142otych z ka\u017cdej zako\u0144czonej aukcji na cele fundacji. Wierzymy, \u017ce dobro powraca, dlatego ch\u0119tnie anga\u017cujemy si\u0119 w szlachetne inicjatywy, maj\u0105c na celu pomoc potrzebuj\u0105cym."}],"skaner360_description_subheader":"","skaner360_description_header":"","skaner360_description_text":"","skaner360_description_video":"","skaner360_middle_subheader":"","skaner360_middle_header":"","skaner360_middle_text_left":"","skaner360_middle_text_right":"","skaner360_last_subheader":"","skaner360_last_header":"","skaner360_last_text":"","skaner360_last_video":"","autodna_description_subheader":"","autodna_description_header":"","autodna_description_text":"","autodna_description_image":false,"autodna_description_video":"","autodna_middle_subheader":"","autodna_middle_header":"","autodna_middle_text_left":"","autodna_middle_image":false,"autodna_middle_quote":"","autodna_middle_text_right":"","autodna_last_subheader":"","autodna_last_header":"","autodna_last_text":"","autodna_last_image":false,"autotesto_description_subheader":"","autotesto_description_header":"","autotesto_description_text":"","autotesto_description_image":false,"autotesto_package_features":[],"warranty_description_video":""},"_links":{"self":[{"href":"https:\/\/poleasingowe.pl\/blog\/wp-json\/wp\/v2\/pages\/1024"}],"collection":[{"href":"https:\/\/poleasingowe.pl\/blog\/wp-json\/wp\/v2\/pages"}],"about":[{"href":"https:\/\/poleasingowe.pl\/blog\/wp-json\/wp\/v2\/types\/page"}],"author":[{"embeddable":true,"href":"https:\/\/poleasingowe.pl\/blog\/wp-json\/wp\/v2\/users\/1"}],"replies":[{"embeddable":true,"href":"https:\/\/poleasingowe.pl\/blog\/wp-json\/wp\/v2\/comments?post=1024"}],"version-history":[{"count":1,"href":"https:\/\/poleasingowe.pl\/blog\/wp-json\/wp\/v2\/pages\/1024\/revisions"}],"predecessor-version":[{"id":1095,"href":"https:\/\/poleasingowe.pl\/blog\/wp-json\/wp\/v2\/pages\/1024\/revisions\/1095"}],"wp:attachment":[{"href":"https:\/\/poleasingowe.pl\/blog\/wp-json\/wp\/v2\/media?parent=1024"}],"curies":[{"name":"wp","href":"https:\/\/api.w.org\/{rel}","templated":true}]}}