{"id":1025,"date":"2024-10-09T14:31:44","date_gmt":"2024-10-09T12:31:44","guid":{"rendered":"https:\/\/poleasingowe.pl\/blog\/skaner-360\/"},"modified":"2025-08-08T16:02:04","modified_gmt":"2025-08-08T14:02:04","slug":"skaner-360","status":"publish","type":"page","link":"https:\/\/poleasingowe.pl\/blog\/skaner-360\/","title":{"rendered":"Skaner 360\u00b0"},"content":{"rendered":"","protected":false},"excerpt":{"rendered":"","protected":false},"author":1,"featured_media":0,"parent":0,"menu_order":0,"comment_status":"close","ping_status":"close","template":"templates\/skaner360.php","meta":{"footnotes":""},"class_list":["post-1025","page","type-page","status-publish","hentry"],"yoast_head":"<!-- This site is optimized with the Yoast SEO Premium plugin v24.4 (Yoast SEO v24.4) - https:\/\/yoast.com\/wordpress\/plugins\/seo\/ -->\n<title>Skaner 360\u00b0 - Blog Poleasingowe.pl<\/title>\n<meta name=\"robots\" content=\"index, follow, max-snippet:-1, max-image-preview:large, max-video-preview:-1\" \/>\n<link rel=\"canonical\" href=\"https:\/\/poleasingowe.pl\/blog\/skaner-360\/\" \/>\n<meta property=\"og:locale\" content=\"pl_PL\" \/>\n<meta property=\"og:type\" content=\"article\" \/>\n<meta property=\"og:title\" content=\"Skaner 360\u00b0\" \/>\n<meta property=\"og:url\" content=\"https:\/\/poleasingowe.pl\/blog\/skaner-360\/\" \/>\n<meta property=\"og:site_name\" content=\"Blog Poleasingowe.pl\" \/>\n<meta property=\"article:publisher\" content=\"https:\/\/www.facebook.com\/poleasingowepl\" \/>\n<meta property=\"article:modified_time\" content=\"2025-08-08T14:02:04+00:00\" \/>\n<meta name=\"twitter:card\" content=\"summary_large_image\" \/>\n<script type=\"application\/ld+json\" class=\"yoast-schema-graph\">{\"@context\":\"https:\/\/schema.org\",\"@graph\":[{\"@type\":\"WebPage\",\"@id\":\"https:\/\/poleasingowe.pl\/blog\/skaner-360\/\",\"url\":\"https:\/\/poleasingowe.pl\/blog\/skaner-360\/\",\"name\":\"Skaner 360\u00b0 - Blog Poleasingowe.pl\",\"isPartOf\":{\"@id\":\"https:\/\/poleasingowe.pl\/blog\/#website\"},\"datePublished\":\"2024-10-09T12:31:44+00:00\",\"dateModified\":\"2025-08-08T14:02:04+00:00\",\"breadcrumb\":{\"@id\":\"https:\/\/poleasingowe.pl\/blog\/skaner-360\/#breadcrumb\"},\"inLanguage\":\"pl-PL\",\"potentialAction\":[{\"@type\":\"ReadAction\",\"target\":[\"https:\/\/poleasingowe.pl\/blog\/skaner-360\/\"]}]},{\"@type\":\"BreadcrumbList\",\"@id\":\"https:\/\/poleasingowe.pl\/blog\/skaner-360\/#breadcrumb\",\"itemListElement\":[{\"@type\":\"ListItem\",\"position\":1,\"name\":\"Strona g\u0142\u00f3wna\",\"item\":\"https:\/\/poleasingowe.pl\/blog\/\"},{\"@type\":\"ListItem\",\"position\":2,\"name\":\"Skaner 360\u00b0\"}]},{\"@type\":\"WebSite\",\"@id\":\"https:\/\/poleasingowe.pl\/blog\/#website\",\"url\":\"https:\/\/poleasingowe.pl\/blog\/\",\"name\":\"Blog Poleasingowe.pl\",\"description\":\"Blog Poleasingowe.pl\",\"publisher\":{\"@id\":\"https:\/\/poleasingowe.pl\/blog\/#organization\"},\"potentialAction\":[{\"@type\":\"SearchAction\",\"target\":{\"@type\":\"EntryPoint\",\"urlTemplate\":\"https:\/\/poleasingowe.pl\/blog\/?s={search_term_string}\"},\"query-input\":{\"@type\":\"PropertyValueSpecification\",\"valueRequired\":true,\"valueName\":\"search_term_string\"}}],\"inLanguage\":\"pl-PL\"},{\"@type\":\"Organization\",\"@id\":\"https:\/\/poleasingowe.pl\/blog\/#organization\",\"name\":\"Blog Poleasingowe.pl\",\"url\":\"https:\/\/poleasingowe.pl\/blog\/\",\"logo\":{\"@type\":\"ImageObject\",\"inLanguage\":\"pl-PL\",\"@id\":\"https:\/\/poleasingowe.pl\/blog\/#\/schema\/logo\/image\/\",\"url\":\"https:\/\/poleasingowe.pl\/blog\/wp-content\/uploads\/2024\/11\/cropped-fav_red_white.png\",\"contentUrl\":\"https:\/\/poleasingowe.pl\/blog\/wp-content\/uploads\/2024\/11\/cropped-fav_red_white.png\",\"width\":512,\"height\":512,\"caption\":\"Blog Poleasingowe.pl\"},\"image\":{\"@id\":\"https:\/\/poleasingowe.pl\/blog\/#\/schema\/logo\/image\/\"},\"sameAs\":[\"https:\/\/www.facebook.com\/poleasingowepl\",\"https:\/\/www.linkedin.com\/showcase\/poleasingowepl\/\",\"https:\/\/www.instagram.com\/poleasingowe.pl\/\"]}]}<\/script>\n<!-- \/ Yoast SEO Premium plugin. -->","yoast_head_json":{"title":"Skaner 360\u00b0 - Blog Poleasingowe.pl","robots":{"index":"index","follow":"follow","max-snippet":"max-snippet:-1","max-image-preview":"max-image-preview:large","max-video-preview":"max-video-preview:-1"},"canonical":"https:\/\/poleasingowe.pl\/blog\/skaner-360\/","og_locale":"pl_PL","og_type":"article","og_title":"Skaner 360\u00b0","og_url":"https:\/\/poleasingowe.pl\/blog\/skaner-360\/","og_site_name":"Blog Poleasingowe.pl","article_publisher":"https:\/\/www.facebook.com\/poleasingowepl","article_modified_time":"2025-08-08T14:02:04+00:00","twitter_card":"summary_large_image","schema":{"@context":"https:\/\/schema.org","@graph":[{"@type":"WebPage","@id":"https:\/\/poleasingowe.pl\/blog\/skaner-360\/","url":"https:\/\/poleasingowe.pl\/blog\/skaner-360\/","name":"Skaner 360\u00b0 - Blog Poleasingowe.pl","isPartOf":{"@id":"https:\/\/poleasingowe.pl\/blog\/#website"},"datePublished":"2024-10-09T12:31:44+00:00","dateModified":"2025-08-08T14:02:04+00:00","breadcrumb":{"@id":"https:\/\/poleasingowe.pl\/blog\/skaner-360\/#breadcrumb"},"inLanguage":"pl-PL","potentialAction":[{"@type":"ReadAction","target":["https:\/\/poleasingowe.pl\/blog\/skaner-360\/"]}]},{"@type":"BreadcrumbList","@id":"https:\/\/poleasingowe.pl\/blog\/skaner-360\/#breadcrumb","itemListElement":[{"@type":"ListItem","position":1,"name":"Strona g\u0142\u00f3wna","item":"https:\/\/poleasingowe.pl\/blog\/"},{"@type":"ListItem","position":2,"name":"Skaner 360\u00b0"}]},{"@type":"WebSite","@id":"https:\/\/poleasingowe.pl\/blog\/#website","url":"https:\/\/poleasingowe.pl\/blog\/","name":"Blog Poleasingowe.pl","description":"Blog Poleasingowe.pl","publisher":{"@id":"https:\/\/poleasingowe.pl\/blog\/#organization"},"potentialAction":[{"@type":"SearchAction","target":{"@type":"EntryPoint","urlTemplate":"https:\/\/poleasingowe.pl\/blog\/?s={search_term_string}"},"query-input":{"@type":"PropertyValueSpecification","valueRequired":true,"valueName":"search_term_string"}}],"inLanguage":"pl-PL"},{"@type":"Organization","@id":"https:\/\/poleasingowe.pl\/blog\/#organization","name":"Blog Poleasingowe.pl","url":"https:\/\/poleasingowe.pl\/blog\/","logo":{"@type":"ImageObject","inLanguage":"pl-PL","@id":"https:\/\/poleasingowe.pl\/blog\/#\/schema\/logo\/image\/","url":"https:\/\/poleasingowe.pl\/blog\/wp-content\/uploads\/2024\/11\/cropped-fav_red_white.png","contentUrl":"https:\/\/poleasingowe.pl\/blog\/wp-content\/uploads\/2024\/11\/cropped-fav_red_white.png","width":512,"height":512,"caption":"Blog Poleasingowe.pl"},"image":{"@id":"https:\/\/poleasingowe.pl\/blog\/#\/schema\/logo\/image\/"},"sameAs":["https:\/\/www.facebook.com\/poleasingowepl","https:\/\/www.linkedin.com\/showcase\/poleasingowepl\/","https:\/\/www.instagram.com\/poleasingowe.pl\/"]}]}},"meta_box":{"about_description_subheader":"","about_description_header":"","about_description_text_left":"","about_description_text_right":"","about_numbers_subheader":"","about_numbers_header":"","about_numbers_2":"","about_numbers_3":"","about_numbers_4":"","about_numbers_5":"","about_numbers_6":"","about_description_video":"","about_team_subheader":"","about_team_header":"","about_team_image":false,"about_team_description_left":"","about_team_description_right":"","about_history_subheader":"","about_history_header":"","about_history_years":[],"about_locations_subheader":"","about_locations_header":"","about_locations_text":"","about_locations_items":[],"about_csr_subheader":"","about_csr_header":"","about_csr_text":"","about_csr_items":[],"financing_description_subheader":"","financing_description_header":"","financing_description_text":"","financing_description_image":false,"financing_description_video":"","financing_contact_subheader":"","financing_contact_header":"","financing_email":"","financing_phone":"","financing_form":"","insurance_description_subheader":"","insurance_description_header":"","insurance_description_text":"","insurance_description_image":false,"insurance_description_video":"","insurance_contact_subheader":"","insurance_contact_header":"","insurance_email":"","insurance_phone":"","insurance_form":"","insurance_gap_subheader":"","insurance_gap_header":"","insurance_gap_image":false,"insurance_gap_text":"","insurance2_description_subheader":"","insurance2_description_header":"","insurance2_description_text":"","insurance2_description_image":false,"insurance2_description_video":"","insurance2_contact_subheader":"","insurance2_contact_header":"","insurance2_email":"","insurance2_phone_1":"","insurance2_phone_2":"","insurance2_form":"","vinspection_description_subheader":"","vinspection_description_header":"","vinspection_description_text":"","vinspection_description_video":"","vinspection_price_subheader":"","vinspection_price_header":"","vinspection_price_text":"","vinspection_price_box_header":"","vinspection_price_box_price_feature":[],"vinspection_price_box_subheader":"","vinspection_price_box_price_regular":"","vinspection_price_box_price_promo":"","vinspection_price_box_price_vat":"","vinspection_price_box_price_button":"","settlement_description_subheader":"","settlement_description_header":"","settlement_description_text":"","settlement_description_image":false,"settlement_description_video":"","settlement_contact_subheader":"","settlement_contact_header":"","settlement_email":"","settlement_phone":"","settlement_form":"","buyback_description_subheader":"","buyback_description_header":"","buyback_description_text":"","buyback_description_image":false,"buyback_description_video":"","buyback_contact_subheader":"","buyback_contact_header":"","buyback_email":"","buyback_phone":"","buyback_form":"","transport_description_subheader":"","transport_description_header":"","transport_description_text":"","transport_description_image":false,"transport_description_video":"","transport_contact_subheader":"","transport_contact_header":"","transport_email":"","transport_phone":"","transport_form":"","fleet_description_subheader":"","fleet_description_header":"","fleet_description_text":"","fleet_contact_subheader":"","fleet_email":"","fleet_phone":"","fleet_contact_text":"","fleet_form":"","csr_description_subheader":"","csr_description_header":"","csr_description_text":"","csr_description_image":false,"csr_actions_list":[],"skaner360_description_subheader":"Poznaj korzy\u015bci z inspekcji Skaner 360\u00b0","skaner360_description_header":"Odkryj pojazdy w technologii Skaner 360\u00b0 na aukcjach Poleasingowych!","skaner360_description_text":"<p>Na naszych aukcjach poleasingowych prezentujemy pojazdy w nowatorski spos\u00f3b, dzi\u0119ki technologii Skaner 360\u00b0. Ka\u017cdy samoch\u00f3d dost\u0119pny na naszych placach mo\u017cesz obejrze\u0107 dooko\u0142a, co pozwala na dog\u0142\u0119bn\u0105 wizualizacj\u0119 ka\u017cdego detalu i stanu technicznego samochodu z ka\u017cdego k\u0105ta.<\/p>\n","skaner360_description_video":"https:\/\/youtu.be\/7i_vtmsQV7c","skaner360_middle_subheader":"Skaner 360\u00b0","skaner360_middle_header":"Transparentno\u015b\u0107 i zaufanie","skaner360_middle_text_left":"<p>Nasza platforma gwarantuje transparentno\u015b\u0107 i pe\u0142n\u0105 informacj\u0119 o stanie pojazdu, co jest mo\u017cliwe dzi\u0119ki zastosowaniu Skanera 360\u00b0. Ka\u017cdy skan jest dok\u0142adnie analizowany, a wyniki prezentowane s\u0105 w prosty i zrozumia\u0142y spos\u00f3b, daj\u0105c kupuj\u0105cym pewno\u015b\u0107 oraz zaufanie do dokonywanych transakcji.<\/p>\n","skaner360_middle_text_right":"<p>Zapraszamy do skorzystania z nowoczesnej technologii prezentacji pojazd\u00f3w na naszych aukcjach, gdzie dzi\u0119ki Skanerowi 360\u00b0 ka\u017cdy samoch\u00f3d jest dok\u0142adnie przedstawiony, co umo\u017cliwia dokonanie \u015bwiadomej decyzji zakupowej. Odkryj sam, jak zaawansowane technologie zmieniaj\u0105 \u015bwiat aukcji samochodowych!<\/p>\n","skaner360_last_subheader":"To proste i wygodne!","skaner360_last_header":"Gdzie zobaczy\u0107 pojazdy prezentowane w technologii Skaner 360\u00b0?\u2028","skaner360_last_text":"<p>Aby obejrze\u0107 pojazd w 360 stopniach na naszych aukcjach, wystarczy wej\u015b\u0107 w galeri\u0119 zdj\u0119\u0107 przy wybranym samochodzie. Tam, dzi\u0119ki technologii Skaner 360\u00b0, mo\u017cesz cieszy\u0107 si\u0119 pe\u0142nym, interaktywnym widokiem pojazdu, obracaj\u0105c go i przygl\u0105daj\u0105c si\u0119 z ka\u017cdej strony, co umo\u017cliwia dog\u0142\u0119bn\u0105 ocen\u0119 stanu samochodu przed z\u0142o\u017ceniem oferty.<\/p>\n","skaner360_last_video":"https:\/\/youtu.be\/82N0UrG-Chc","autodna_description_subheader":"","autodna_description_header":"","autodna_description_text":"","autodna_description_image":false,"autodna_description_video":"","autodna_middle_subheader":"","autodna_middle_header":"","autodna_middle_text_left":"","autodna_middle_image":false,"autodna_middle_quote":"","autodna_middle_text_right":"","autodna_last_subheader":"","autodna_last_header":"","autodna_last_text":"","autodna_last_image":false,"autotesto_description_subheader":"","autotesto_description_header":"","autotesto_description_text":"","autotesto_description_image":false,"autotesto_package_features":[],"warranty_description_video":""},"_links":{"self":[{"href":"https:\/\/poleasingowe.pl\/blog\/wp-json\/wp\/v2\/pages\/1025"}],"collection":[{"href":"https:\/\/poleasingowe.pl\/blog\/wp-json\/wp\/v2\/pages"}],"about":[{"href":"https:\/\/poleasingowe.pl\/blog\/wp-json\/wp\/v2\/types\/page"}],"author":[{"embeddable":true,"href":"https:\/\/poleasingowe.pl\/blog\/wp-json\/wp\/v2\/users\/1"}],"replies":[{"embeddable":true,"href":"https:\/\/poleasingowe.pl\/blog\/wp-json\/wp\/v2\/comments?post=1025"}],"version-history":[{"count":1,"href":"https:\/\/poleasingowe.pl\/blog\/wp-json\/wp\/v2\/pages\/1025\/revisions"}],"predecessor-version":[{"id":1087,"href":"https:\/\/poleasingowe.pl\/blog\/wp-json\/wp\/v2\/pages\/1025\/revisions\/1087"}],"wp:attachment":[{"href":"https:\/\/poleasingowe.pl\/blog\/wp-json\/wp\/v2\/media?parent=1025"}],"curies":[{"name":"wp","href":"https:\/\/api.w.org\/{rel}","templated":true}]}}