{"id":1026,"date":"2024-10-09T14:31:44","date_gmt":"2024-10-09T12:31:44","guid":{"rendered":"https:\/\/poleasingowe.pl\/blog\/autodna\/"},"modified":"2025-08-08T15:58:25","modified_gmt":"2025-08-08T13:58:25","slug":"autodna","status":"publish","type":"page","link":"https:\/\/poleasingowe.pl\/blog\/autodna\/","title":{"rendered":"AutoDNA"},"content":{"rendered":"","protected":false},"excerpt":{"rendered":"","protected":false},"author":1,"featured_media":0,"parent":0,"menu_order":0,"comment_status":"close","ping_status":"close","template":"templates\/autodna.php","meta":{"footnotes":""},"class_list":["post-1026","page","type-page","status-publish","hentry"],"yoast_head":"<!-- This site is optimized with the Yoast SEO Premium plugin v24.4 (Yoast SEO v24.4) - https:\/\/yoast.com\/wordpress\/plugins\/seo\/ -->\n<title>AutoDNA - Blog Poleasingowe.pl<\/title>\n<meta name=\"robots\" content=\"index, follow, max-snippet:-1, max-image-preview:large, max-video-preview:-1\" \/>\n<link rel=\"canonical\" href=\"https:\/\/poleasingowe.pl\/blog\/autodna\/\" \/>\n<meta property=\"og:locale\" content=\"pl_PL\" \/>\n<meta property=\"og:type\" content=\"article\" \/>\n<meta property=\"og:title\" content=\"AutoDNA\" \/>\n<meta property=\"og:url\" content=\"https:\/\/poleasingowe.pl\/blog\/autodna\/\" \/>\n<meta property=\"og:site_name\" content=\"Blog Poleasingowe.pl\" \/>\n<meta property=\"article:publisher\" content=\"https:\/\/www.facebook.com\/poleasingowepl\" \/>\n<meta property=\"article:modified_time\" content=\"2025-08-08T13:58:25+00:00\" \/>\n<meta name=\"twitter:card\" content=\"summary_large_image\" \/>\n<script type=\"application\/ld+json\" class=\"yoast-schema-graph\">{\"@context\":\"https:\/\/schema.org\",\"@graph\":[{\"@type\":\"WebPage\",\"@id\":\"https:\/\/poleasingowe.pl\/blog\/autodna\/\",\"url\":\"https:\/\/poleasingowe.pl\/blog\/autodna\/\",\"name\":\"AutoDNA - Blog Poleasingowe.pl\",\"isPartOf\":{\"@id\":\"https:\/\/poleasingowe.pl\/blog\/#website\"},\"datePublished\":\"2024-10-09T12:31:44+00:00\",\"dateModified\":\"2025-08-08T13:58:25+00:00\",\"breadcrumb\":{\"@id\":\"https:\/\/poleasingowe.pl\/blog\/autodna\/#breadcrumb\"},\"inLanguage\":\"pl-PL\",\"potentialAction\":[{\"@type\":\"ReadAction\",\"target\":[\"https:\/\/poleasingowe.pl\/blog\/autodna\/\"]}]},{\"@type\":\"BreadcrumbList\",\"@id\":\"https:\/\/poleasingowe.pl\/blog\/autodna\/#breadcrumb\",\"itemListElement\":[{\"@type\":\"ListItem\",\"position\":1,\"name\":\"Strona g\u0142\u00f3wna\",\"item\":\"https:\/\/poleasingowe.pl\/blog\/\"},{\"@type\":\"ListItem\",\"position\":2,\"name\":\"AutoDNA\"}]},{\"@type\":\"WebSite\",\"@id\":\"https:\/\/poleasingowe.pl\/blog\/#website\",\"url\":\"https:\/\/poleasingowe.pl\/blog\/\",\"name\":\"Blog Poleasingowe.pl\",\"description\":\"Blog Poleasingowe.pl\",\"publisher\":{\"@id\":\"https:\/\/poleasingowe.pl\/blog\/#organization\"},\"potentialAction\":[{\"@type\":\"SearchAction\",\"target\":{\"@type\":\"EntryPoint\",\"urlTemplate\":\"https:\/\/poleasingowe.pl\/blog\/?s={search_term_string}\"},\"query-input\":{\"@type\":\"PropertyValueSpecification\",\"valueRequired\":true,\"valueName\":\"search_term_string\"}}],\"inLanguage\":\"pl-PL\"},{\"@type\":\"Organization\",\"@id\":\"https:\/\/poleasingowe.pl\/blog\/#organization\",\"name\":\"Blog Poleasingowe.pl\",\"url\":\"https:\/\/poleasingowe.pl\/blog\/\",\"logo\":{\"@type\":\"ImageObject\",\"inLanguage\":\"pl-PL\",\"@id\":\"https:\/\/poleasingowe.pl\/blog\/#\/schema\/logo\/image\/\",\"url\":\"https:\/\/poleasingowe.pl\/blog\/wp-content\/uploads\/2024\/11\/cropped-fav_red_white.png\",\"contentUrl\":\"https:\/\/poleasingowe.pl\/blog\/wp-content\/uploads\/2024\/11\/cropped-fav_red_white.png\",\"width\":512,\"height\":512,\"caption\":\"Blog Poleasingowe.pl\"},\"image\":{\"@id\":\"https:\/\/poleasingowe.pl\/blog\/#\/schema\/logo\/image\/\"},\"sameAs\":[\"https:\/\/www.facebook.com\/poleasingowepl\",\"https:\/\/www.linkedin.com\/showcase\/poleasingowepl\/\",\"https:\/\/www.instagram.com\/poleasingowe.pl\/\"]}]}<\/script>\n<!-- \/ Yoast SEO Premium plugin. -->","yoast_head_json":{"title":"AutoDNA - Blog Poleasingowe.pl","robots":{"index":"index","follow":"follow","max-snippet":"max-snippet:-1","max-image-preview":"max-image-preview:large","max-video-preview":"max-video-preview:-1"},"canonical":"https:\/\/poleasingowe.pl\/blog\/autodna\/","og_locale":"pl_PL","og_type":"article","og_title":"AutoDNA","og_url":"https:\/\/poleasingowe.pl\/blog\/autodna\/","og_site_name":"Blog Poleasingowe.pl","article_publisher":"https:\/\/www.facebook.com\/poleasingowepl","article_modified_time":"2025-08-08T13:58:25+00:00","twitter_card":"summary_large_image","schema":{"@context":"https:\/\/schema.org","@graph":[{"@type":"WebPage","@id":"https:\/\/poleasingowe.pl\/blog\/autodna\/","url":"https:\/\/poleasingowe.pl\/blog\/autodna\/","name":"AutoDNA - Blog Poleasingowe.pl","isPartOf":{"@id":"https:\/\/poleasingowe.pl\/blog\/#website"},"datePublished":"2024-10-09T12:31:44+00:00","dateModified":"2025-08-08T13:58:25+00:00","breadcrumb":{"@id":"https:\/\/poleasingowe.pl\/blog\/autodna\/#breadcrumb"},"inLanguage":"pl-PL","potentialAction":[{"@type":"ReadAction","target":["https:\/\/poleasingowe.pl\/blog\/autodna\/"]}]},{"@type":"BreadcrumbList","@id":"https:\/\/poleasingowe.pl\/blog\/autodna\/#breadcrumb","itemListElement":[{"@type":"ListItem","position":1,"name":"Strona g\u0142\u00f3wna","item":"https:\/\/poleasingowe.pl\/blog\/"},{"@type":"ListItem","position":2,"name":"AutoDNA"}]},{"@type":"WebSite","@id":"https:\/\/poleasingowe.pl\/blog\/#website","url":"https:\/\/poleasingowe.pl\/blog\/","name":"Blog Poleasingowe.pl","description":"Blog Poleasingowe.pl","publisher":{"@id":"https:\/\/poleasingowe.pl\/blog\/#organization"},"potentialAction":[{"@type":"SearchAction","target":{"@type":"EntryPoint","urlTemplate":"https:\/\/poleasingowe.pl\/blog\/?s={search_term_string}"},"query-input":{"@type":"PropertyValueSpecification","valueRequired":true,"valueName":"search_term_string"}}],"inLanguage":"pl-PL"},{"@type":"Organization","@id":"https:\/\/poleasingowe.pl\/blog\/#organization","name":"Blog Poleasingowe.pl","url":"https:\/\/poleasingowe.pl\/blog\/","logo":{"@type":"ImageObject","inLanguage":"pl-PL","@id":"https:\/\/poleasingowe.pl\/blog\/#\/schema\/logo\/image\/","url":"https:\/\/poleasingowe.pl\/blog\/wp-content\/uploads\/2024\/11\/cropped-fav_red_white.png","contentUrl":"https:\/\/poleasingowe.pl\/blog\/wp-content\/uploads\/2024\/11\/cropped-fav_red_white.png","width":512,"height":512,"caption":"Blog Poleasingowe.pl"},"image":{"@id":"https:\/\/poleasingowe.pl\/blog\/#\/schema\/logo\/image\/"},"sameAs":["https:\/\/www.facebook.com\/poleasingowepl","https:\/\/www.linkedin.com\/showcase\/poleasingowepl\/","https:\/\/www.instagram.com\/poleasingowe.pl\/"]}]}},"meta_box":{"about_description_subheader":"","about_description_header":"","about_description_text_left":"","about_description_text_right":"","about_numbers_subheader":"","about_numbers_header":"","about_numbers_2":"","about_numbers_3":"","about_numbers_4":"","about_numbers_5":"","about_numbers_6":"","about_description_video":"","about_team_subheader":"","about_team_header":"","about_team_image":false,"about_team_description_left":"","about_team_description_right":"","about_history_subheader":"","about_history_header":"","about_history_years":[],"about_locations_subheader":"","about_locations_header":"","about_locations_text":"","about_locations_items":[],"about_csr_subheader":"","about_csr_header":"","about_csr_text":"","about_csr_items":[],"financing_description_subheader":"","financing_description_header":"","financing_description_text":"","financing_description_image":false,"financing_description_video":"","financing_contact_subheader":"","financing_contact_header":"","financing_email":"","financing_phone":"","financing_form":"","insurance_description_subheader":"","insurance_description_header":"","insurance_description_text":"","insurance_description_image":false,"insurance_description_video":"","insurance_contact_subheader":"","insurance_contact_header":"","insurance_email":"","insurance_phone":"","insurance_form":"","insurance_gap_subheader":"","insurance_gap_header":"","insurance_gap_image":false,"insurance_gap_text":"","insurance2_description_subheader":"","insurance2_description_header":"","insurance2_description_text":"","insurance2_description_image":false,"insurance2_description_video":"","insurance2_contact_subheader":"","insurance2_contact_header":"","insurance2_email":"","insurance2_phone_1":"","insurance2_phone_2":"","insurance2_form":"","vinspection_description_subheader":"","vinspection_description_header":"","vinspection_description_text":"","vinspection_description_video":"","vinspection_price_subheader":"","vinspection_price_header":"","vinspection_price_text":"","vinspection_price_box_header":"","vinspection_price_box_price_feature":[],"vinspection_price_box_subheader":"","vinspection_price_box_price_regular":"","vinspection_price_box_price_promo":"","vinspection_price_box_price_vat":"","vinspection_price_box_price_button":"","settlement_description_subheader":"","settlement_description_header":"","settlement_description_text":"","settlement_description_image":false,"settlement_description_video":"","settlement_contact_subheader":"","settlement_contact_header":"","settlement_email":"","settlement_phone":"","settlement_form":"","buyback_description_subheader":"","buyback_description_header":"","buyback_description_text":"","buyback_description_image":false,"buyback_description_video":"","buyback_contact_subheader":"","buyback_contact_header":"","buyback_email":"","buyback_phone":"","buyback_form":"","transport_description_subheader":"","transport_description_header":"","transport_description_text":"","transport_description_image":false,"transport_description_video":"","transport_contact_subheader":"","transport_contact_header":"","transport_email":"","transport_phone":"","transport_form":"","fleet_description_subheader":"","fleet_description_header":"","fleet_description_text":"","fleet_contact_subheader":"","fleet_email":"","fleet_phone":"","fleet_contact_text":"","fleet_form":"","csr_description_subheader":"","csr_description_header":"","csr_description_text":"","csr_description_image":false,"csr_actions_list":[],"skaner360_description_subheader":"","skaner360_description_header":"","skaner360_description_text":"","skaner360_description_video":"","skaner360_middle_subheader":"","skaner360_middle_header":"","skaner360_middle_text_left":"","skaner360_middle_text_right":"","skaner360_last_subheader":"","skaner360_last_header":"","skaner360_last_text":"","skaner360_last_video":"","autodna_description_subheader":"Zaufaj sprawdzonym raportom","autodna_description_header":"Sprawd\u017a histori\u0119 pojazdu z autoDNA na Poleasingowe.pl!","autodna_description_text":"<p>Czy wiesz, na co naprawd\u0119 patrzysz przy wyborze swojego przysz\u0142ego samochodu? Na Poleasingowe.pl, dzi\u0119ki wsp\u00f3\u0142pracy z autoDNA, zapewniamy Ci dost\u0119p do kompleksowych raport\u00f3w, kt\u00f3re ods\u0142aniaj\u0105 wszystko, co musisz wiedzie\u0107 o pochodzeniu i kondycji pojazd\u00f3w. Dzi\u0119ki autoDNA mo\u017cesz \u0142atwo zweryfikowa\u0107:<\/p>\n","autodna_description_image":{"width":150,"height":150,"file":"2024\/10\/autodna-hero.png","filesize":297352,"sizes":{"medium":{"file":"autodna-hero-510x336.png","width":510,"height":336,"mime-type":"image\/png","filesize":208729,"url":"https:\/\/poleasingowe.pl\/blog\/wp-content\/uploads\/2024\/10\/autodna-hero-510x336.png"},"thumbnail":{"file":"autodna-hero-150x150.png","width":150,"height":150,"mime-type":"image\/png","filesize":39553,"url":"https:\/\/poleasingowe.pl\/blog\/wp-content\/uploads\/2024\/10\/autodna-hero-150x150.png"}},"image_meta":{"aperture":"0","credit":"","camera":"","caption":"","created_timestamp":"0","copyright":"","focal_length":"0","iso":"0","shutter_speed":"0","title":"","orientation":"0","keywords":[]},"ID":"1030","name":"autodna-hero.png","path":"\/var\/www\/html\/wordpress\/blog\/wp-content\/uploads\/2024\/10\/autodna-hero.png","url":"https:\/\/poleasingowe.pl\/blog\/wp-content\/uploads\/2024\/10\/autodna-hero-150x150.png","full_url":"https:\/\/poleasingowe.pl\/blog\/wp-content\/uploads\/2024\/10\/autodna-hero.png","title":"autodna-hero","caption":"","description":"","alt":"","srcset":false},"autodna_description_video":"https:\/\/youtu.be\/aRflOjnz1MQ","autodna_middle_subheader":"Skaner 360\u00b0","autodna_middle_header":"Transparentno\u015b\u0107 \u2028i Bezpiecze\u0144stwo Zakup\u00f3w","autodna_middle_text_left":"<p>W Poleasingowe.pl stawiamy na przejrzysto\u015b\u0107. \u2028Dzi\u0119ki autoDNA ka\u017cdy pojazd poleasingowy jest dok\u0142adnie przebadany, co pozwala na bezpieczny zakup bez nieprzyjemnych niespodzianek.<\/p>\n<p>Wiemy, jak wa\u017cne jest pe\u0142ne zaufanie do pojazdu, kt\u00f3ry chcesz kupi\u0107, dlatego oferujemy narz\u0119dzia, kt\u00f3re umo\u017cliwi\u0105 Ci dokonanie najbardziej \u015bwiadomej decyzji.<\/p>\n","autodna_middle_image":{"width":150,"height":150,"file":"2024\/10\/autodna-middle.jpg","filesize":323756,"sizes":{"medium":{"file":"autodna-middle-510x340.jpg","width":510,"height":340,"mime-type":"image\/jpeg","filesize":32055,"url":"https:\/\/poleasingowe.pl\/blog\/wp-content\/uploads\/2024\/10\/autodna-middle-510x340.jpg"},"thumbnail":{"file":"autodna-middle-150x150.jpg","width":150,"height":150,"mime-type":"image\/jpeg","filesize":6894,"url":"https:\/\/poleasingowe.pl\/blog\/wp-content\/uploads\/2024\/10\/autodna-middle-150x150.jpg"}},"image_meta":{"aperture":"0","credit":"","camera":"","caption":"","created_timestamp":"0","copyright":"","focal_length":"0","iso":"0","shutter_speed":"0","title":"","orientation":"0","keywords":[]},"ID":"1031","name":"autodna-middle.jpg","path":"\/var\/www\/html\/wordpress\/blog\/wp-content\/uploads\/2024\/10\/autodna-middle.jpg","url":"https:\/\/poleasingowe.pl\/blog\/wp-content\/uploads\/2024\/10\/autodna-middle-150x150.jpg","full_url":"https:\/\/poleasingowe.pl\/blog\/wp-content\/uploads\/2024\/10\/autodna-middle.jpg","title":"autodna-middle","caption":"","description":"","alt":"","srcset":false},"autodna_middle_quote":"<p>Zaufaj sprawdzonym raportom i do\u0142\u0105cz do grona zadowolonych klient\u00f3w, kt\u00f3rzy wybrali nasz serwis.<\/p>\n","autodna_middle_text_right":"<p>Wybieraj\u0105c auto na Poleasingowe.pl z raportem autoDNA, kupujesz nie tylko samoch\u00f3d, ale tak\u017ce spok\u00f3j ducha. Sprawd\u017a sam i przekonaj si\u0119, jak \u0142atwo mo\u017cesz pozna\u0107 prawdziw\u0105 histori\u0119 swojego przysz\u0142ego auta!<\/p>\n","autodna_last_subheader":"Zobacz jak \u0142atwo","autodna_last_header":"Znajd\u017a Raport autoDNA","autodna_last_text":"<p>Je\u015bli szukasz raportu autoDNA, nic prostszego! Wystarczy, \u017ce wybierzesz samoch\u00f3d z naszej aukcji. Nast\u0119pnie, wejd\u017a w szczeg\u00f3\u0142y wybranej aukcji, a tam znajdziesz kompleksowy raport autoDNA, dost\u0119pny na wyci\u0105gni\u0119cie r\u0119ki. Ka\u017cdy raport jest \u0142atwo dost\u0119pny i umieszczony w przejrzystej formie, aby\u015b m\u00f3g\u0142 szybko uzyska\u0107 wszystkie potrzebne informacje o historii pojazdu. Zacznij od naszej aukcji, by przekona\u0107 si\u0119, jak \u0142atwo i bezpiecznie mo\u017cesz dokona\u0107 zakupu!<\/p>\n","autodna_last_image":{"width":150,"height":150,"file":"2024\/10\/autodna-info.png","filesize":409122,"sizes":{"medium":{"file":"autodna-info-510x368.png","width":510,"height":368,"mime-type":"image\/png","filesize":83896,"url":"https:\/\/poleasingowe.pl\/blog\/wp-content\/uploads\/2024\/10\/autodna-info-510x368.png"},"large":{"file":"autodna-info-900x650.png","width":900,"height":650,"mime-type":"image\/png","filesize":205031,"url":"https:\/\/poleasingowe.pl\/blog\/wp-content\/uploads\/2024\/10\/autodna-info-900x650.png"},"thumbnail":{"file":"autodna-info-150x150.png","width":150,"height":150,"mime-type":"image\/png","filesize":14650,"url":"https:\/\/poleasingowe.pl\/blog\/wp-content\/uploads\/2024\/10\/autodna-info-150x150.png"},"medium_large":{"file":"autodna-info-768x555.png","width":768,"height":555,"mime-type":"image\/png","filesize":161793,"url":"https:\/\/poleasingowe.pl\/blog\/wp-content\/uploads\/2024\/10\/autodna-info-768x555.png"},"1536x1536":{"file":"autodna-info-1536x1109.png","width":1536,"height":1109,"mime-type":"image\/png","filesize":466385,"url":"https:\/\/poleasingowe.pl\/blog\/wp-content\/uploads\/2024\/10\/autodna-info-1536x1109.png"}},"image_meta":{"aperture":"0","credit":"","camera":"","caption":"","created_timestamp":"0","copyright":"","focal_length":"0","iso":"0","shutter_speed":"0","title":"","orientation":"0","keywords":[]},"ID":"1032","name":"autodna-info.png","path":"\/var\/www\/html\/wordpress\/blog\/wp-content\/uploads\/2024\/10\/autodna-info.png","url":"https:\/\/poleasingowe.pl\/blog\/wp-content\/uploads\/2024\/10\/autodna-info-150x150.png","full_url":"https:\/\/poleasingowe.pl\/blog\/wp-content\/uploads\/2024\/10\/autodna-info.png","title":"autodna-info","caption":"","description":"","alt":"","srcset":false},"autotesto_description_subheader":"","autotesto_description_header":"","autotesto_description_text":"","autotesto_description_image":false,"autotesto_package_features":[],"warranty_description_video":""},"_links":{"self":[{"href":"https:\/\/poleasingowe.pl\/blog\/wp-json\/wp\/v2\/pages\/1026"}],"collection":[{"href":"https:\/\/poleasingowe.pl\/blog\/wp-json\/wp\/v2\/pages"}],"about":[{"href":"https:\/\/poleasingowe.pl\/blog\/wp-json\/wp\/v2\/types\/page"}],"author":[{"embeddable":true,"href":"https:\/\/poleasingowe.pl\/blog\/wp-json\/wp\/v2\/users\/1"}],"replies":[{"embeddable":true,"href":"https:\/\/poleasingowe.pl\/blog\/wp-json\/wp\/v2\/comments?post=1026"}],"version-history":[{"count":1,"href":"https:\/\/poleasingowe.pl\/blog\/wp-json\/wp\/v2\/pages\/1026\/revisions"}],"predecessor-version":[{"id":1033,"href":"https:\/\/poleasingowe.pl\/blog\/wp-json\/wp\/v2\/pages\/1026\/revisions\/1033"}],"wp:attachment":[{"href":"https:\/\/poleasingowe.pl\/blog\/wp-json\/wp\/v2\/media?parent=1026"}],"curies":[{"name":"wp","href":"https:\/\/api.w.org\/{rel}","templated":true}]}}