{"id":1029,"date":"2024-10-09T14:39:04","date_gmt":"2024-10-09T12:39:04","guid":{"rendered":"https:\/\/poleasingowe.pl\/blog\/o-nas\/"},"modified":"2025-11-25T15:44:55","modified_gmt":"2025-11-25T14:44:55","slug":"o-nas","status":"publish","type":"page","link":"https:\/\/poleasingowe.pl\/blog\/o-nas\/","title":{"rendered":"O Nas"},"content":{"rendered":"","protected":false},"excerpt":{"rendered":"","protected":false},"author":1,"featured_media":0,"parent":0,"menu_order":0,"comment_status":"close","ping_status":"close","template":"templates\/about.php","meta":{"footnotes":""},"class_list":["post-1029","page","type-page","status-publish","hentry"],"yoast_head":"<!-- This site is optimized with the Yoast SEO Premium plugin v24.4 (Yoast SEO v24.4) - https:\/\/yoast.com\/wordpress\/plugins\/seo\/ -->\n<title>O Nas - Blog Poleasingowe.pl<\/title>\n<meta name=\"robots\" content=\"index, follow, max-snippet:-1, max-image-preview:large, max-video-preview:-1\" \/>\n<link rel=\"canonical\" href=\"https:\/\/poleasingowe.pl\/blog\/o-nas\/\" \/>\n<meta property=\"og:locale\" content=\"pl_PL\" \/>\n<meta property=\"og:type\" content=\"article\" \/>\n<meta property=\"og:title\" content=\"O Nas\" \/>\n<meta property=\"og:url\" content=\"https:\/\/poleasingowe.pl\/blog\/o-nas\/\" \/>\n<meta property=\"og:site_name\" content=\"Blog Poleasingowe.pl\" \/>\n<meta property=\"article:publisher\" content=\"https:\/\/www.facebook.com\/poleasingowepl\" \/>\n<meta property=\"article:modified_time\" content=\"2025-11-25T14:44:55+00:00\" \/>\n<meta name=\"twitter:card\" content=\"summary_large_image\" \/>\n<script type=\"application\/ld+json\" class=\"yoast-schema-graph\">{\"@context\":\"https:\/\/schema.org\",\"@graph\":[{\"@type\":\"WebPage\",\"@id\":\"https:\/\/poleasingowe.pl\/blog\/o-nas\/\",\"url\":\"https:\/\/poleasingowe.pl\/blog\/o-nas\/\",\"name\":\"O Nas - Blog Poleasingowe.pl\",\"isPartOf\":{\"@id\":\"https:\/\/poleasingowe.pl\/blog\/#website\"},\"datePublished\":\"2024-10-09T12:39:04+00:00\",\"dateModified\":\"2025-11-25T14:44:55+00:00\",\"breadcrumb\":{\"@id\":\"https:\/\/poleasingowe.pl\/blog\/o-nas\/#breadcrumb\"},\"inLanguage\":\"pl-PL\",\"potentialAction\":[{\"@type\":\"ReadAction\",\"target\":[\"https:\/\/poleasingowe.pl\/blog\/o-nas\/\"]}]},{\"@type\":\"BreadcrumbList\",\"@id\":\"https:\/\/poleasingowe.pl\/blog\/o-nas\/#breadcrumb\",\"itemListElement\":[{\"@type\":\"ListItem\",\"position\":1,\"name\":\"Strona g\u0142\u00f3wna\",\"item\":\"https:\/\/poleasingowe.pl\/blog\/\"},{\"@type\":\"ListItem\",\"position\":2,\"name\":\"O Nas\"}]},{\"@type\":\"WebSite\",\"@id\":\"https:\/\/poleasingowe.pl\/blog\/#website\",\"url\":\"https:\/\/poleasingowe.pl\/blog\/\",\"name\":\"Blog Poleasingowe.pl\",\"description\":\"Blog Poleasingowe.pl\",\"publisher\":{\"@id\":\"https:\/\/poleasingowe.pl\/blog\/#organization\"},\"potentialAction\":[{\"@type\":\"SearchAction\",\"target\":{\"@type\":\"EntryPoint\",\"urlTemplate\":\"https:\/\/poleasingowe.pl\/blog\/?s={search_term_string}\"},\"query-input\":{\"@type\":\"PropertyValueSpecification\",\"valueRequired\":true,\"valueName\":\"search_term_string\"}}],\"inLanguage\":\"pl-PL\"},{\"@type\":\"Organization\",\"@id\":\"https:\/\/poleasingowe.pl\/blog\/#organization\",\"name\":\"Blog Poleasingowe.pl\",\"url\":\"https:\/\/poleasingowe.pl\/blog\/\",\"logo\":{\"@type\":\"ImageObject\",\"inLanguage\":\"pl-PL\",\"@id\":\"https:\/\/poleasingowe.pl\/blog\/#\/schema\/logo\/image\/\",\"url\":\"https:\/\/poleasingowe.pl\/blog\/wp-content\/uploads\/2024\/11\/cropped-fav_red_white.png\",\"contentUrl\":\"https:\/\/poleasingowe.pl\/blog\/wp-content\/uploads\/2024\/11\/cropped-fav_red_white.png\",\"width\":512,\"height\":512,\"caption\":\"Blog Poleasingowe.pl\"},\"image\":{\"@id\":\"https:\/\/poleasingowe.pl\/blog\/#\/schema\/logo\/image\/\"},\"sameAs\":[\"https:\/\/www.facebook.com\/poleasingowepl\",\"https:\/\/www.linkedin.com\/showcase\/poleasingowepl\/\",\"https:\/\/www.instagram.com\/poleasingowe.pl\/\"]}]}<\/script>\n<!-- \/ Yoast SEO Premium plugin. -->","yoast_head_json":{"title":"O Nas - Blog Poleasingowe.pl","robots":{"index":"index","follow":"follow","max-snippet":"max-snippet:-1","max-image-preview":"max-image-preview:large","max-video-preview":"max-video-preview:-1"},"canonical":"https:\/\/poleasingowe.pl\/blog\/o-nas\/","og_locale":"pl_PL","og_type":"article","og_title":"O Nas","og_url":"https:\/\/poleasingowe.pl\/blog\/o-nas\/","og_site_name":"Blog Poleasingowe.pl","article_publisher":"https:\/\/www.facebook.com\/poleasingowepl","article_modified_time":"2025-11-25T14:44:55+00:00","twitter_card":"summary_large_image","schema":{"@context":"https:\/\/schema.org","@graph":[{"@type":"WebPage","@id":"https:\/\/poleasingowe.pl\/blog\/o-nas\/","url":"https:\/\/poleasingowe.pl\/blog\/o-nas\/","name":"O Nas - Blog Poleasingowe.pl","isPartOf":{"@id":"https:\/\/poleasingowe.pl\/blog\/#website"},"datePublished":"2024-10-09T12:39:04+00:00","dateModified":"2025-11-25T14:44:55+00:00","breadcrumb":{"@id":"https:\/\/poleasingowe.pl\/blog\/o-nas\/#breadcrumb"},"inLanguage":"pl-PL","potentialAction":[{"@type":"ReadAction","target":["https:\/\/poleasingowe.pl\/blog\/o-nas\/"]}]},{"@type":"BreadcrumbList","@id":"https:\/\/poleasingowe.pl\/blog\/o-nas\/#breadcrumb","itemListElement":[{"@type":"ListItem","position":1,"name":"Strona g\u0142\u00f3wna","item":"https:\/\/poleasingowe.pl\/blog\/"},{"@type":"ListItem","position":2,"name":"O Nas"}]},{"@type":"WebSite","@id":"https:\/\/poleasingowe.pl\/blog\/#website","url":"https:\/\/poleasingowe.pl\/blog\/","name":"Blog Poleasingowe.pl","description":"Blog Poleasingowe.pl","publisher":{"@id":"https:\/\/poleasingowe.pl\/blog\/#organization"},"potentialAction":[{"@type":"SearchAction","target":{"@type":"EntryPoint","urlTemplate":"https:\/\/poleasingowe.pl\/blog\/?s={search_term_string}"},"query-input":{"@type":"PropertyValueSpecification","valueRequired":true,"valueName":"search_term_string"}}],"inLanguage":"pl-PL"},{"@type":"Organization","@id":"https:\/\/poleasingowe.pl\/blog\/#organization","name":"Blog Poleasingowe.pl","url":"https:\/\/poleasingowe.pl\/blog\/","logo":{"@type":"ImageObject","inLanguage":"pl-PL","@id":"https:\/\/poleasingowe.pl\/blog\/#\/schema\/logo\/image\/","url":"https:\/\/poleasingowe.pl\/blog\/wp-content\/uploads\/2024\/11\/cropped-fav_red_white.png","contentUrl":"https:\/\/poleasingowe.pl\/blog\/wp-content\/uploads\/2024\/11\/cropped-fav_red_white.png","width":512,"height":512,"caption":"Blog Poleasingowe.pl"},"image":{"@id":"https:\/\/poleasingowe.pl\/blog\/#\/schema\/logo\/image\/"},"sameAs":["https:\/\/www.facebook.com\/poleasingowepl","https:\/\/www.linkedin.com\/showcase\/poleasingowepl\/","https:\/\/www.instagram.com\/poleasingowe.pl\/"]}]}},"meta_box":{"about_description_subheader":"O nas","about_description_header":"Opis firmy","about_description_text_left":"<h5>Poznaj nowoczesny serwis aukcyjny do korzystnej sprzeda\u017cy i zakupu sprz\u0119tu oraz pojazd\u00f3w.<\/h5>\n<p><span style=\"font-weight: 400\">Poleasingowe.pl to internetowy serwis, kt\u00f3ry specjalizuje si\u0119 w obs\u0142udze sprzeda\u017cy sprz\u0119tu poleasingowego, powindykacyjnego oraz pojazd\u00f3w poflotowych. Dajemy drugie \u017cycie u\u017cywanym przedmiotom, a naszym klientom oferujemy pierwszorz\u0119dn\u0105 okazj\u0119 do nabycia dobrej jako\u015bci sprz\u0119tu w doskona\u0142ej jako\u015bci i cenie. Dzia\u0142amy na polskim rynku od 2009 roku.<\/span><\/p>\n","about_description_text_right":"<p>Poleasingowe.pl to miejsce, w kt\u00f3rym zgromadzili\u015bmy 45 tysi\u0119cy aktywnych oferent\u00f3w, a co wi\u0119cej, organizujemy ponad 70 tysi\u0119cy aukcji rocznie.<\/p>\n<p>Nasz portal odwiedzany jest ponad 3 miliony razy miesi\u0119cznie. Proces sprzeda\u017cy odbywa si\u0119 w systemie aukcyjnym. Aby bra\u0107 udzia\u0142 w licytacji, wystarczy si\u0119 zarejestrowa\u0107. Kupuj\u0105cy widz\u0105 propozycje cenowe innych oferent\u00f3w, co u\u0142atwia precyzyjne ustalanie maksymalnej kwoty do zap\u0142acenia za dan\u0105 rzecz.<\/p>\n","about_numbers_subheader":"Sprawd\u017a","about_numbers_header":"Poleasingowe w liczbach","about_numbers_2":{"number":"45 000","text":"aktywnych oferent\u00f3w"},"about_numbers_3":{"number":"731 mln z\u0142","text":"roczna warto\u015b\u0107 sprzedawanych przedmiot\u00f3w"},"about_numbers_4":{"number":"500+","text":"sprzedanych <br> przedmiot\u00f3w <br> miesi\u0119cznie"},"about_numbers_5":{"number":"3 000 000","text":"miesi\u0119cznych ods\u0142on portalu"},"about_numbers_6":{"number":"75+","text":"pracownik\u00f3w"},"about_description_video":"https:\/\/youtu.be\/qg51EUs-siA","about_team_subheader":"Poznaj","about_team_header":"Zesp\u00f3\u0142 Poleasingowe.pl","about_team_image":{"width":150,"height":150,"file":"2024\/10\/board.jpg","filesize":969428,"sizes":{"medium":{"file":"board-510x316.jpg","width":510,"height":316,"mime-type":"image\/jpeg","filesize":31081,"url":"https:\/\/poleasingowe.pl\/blog\/wp-content\/uploads\/2024\/10\/board-510x316.jpg"},"large":{"file":"board-900x558.jpg","width":900,"height":558,"mime-type":"image\/jpeg","filesize":70984,"url":"https:\/\/poleasingowe.pl\/blog\/wp-content\/uploads\/2024\/10\/board-900x558.jpg"},"thumbnail":{"file":"board-150x150.jpg","width":150,"height":150,"mime-type":"image\/jpeg","filesize":7202,"url":"https:\/\/poleasingowe.pl\/blog\/wp-content\/uploads\/2024\/10\/board-150x150.jpg"},"medium_large":{"file":"board-768x476.jpg","width":768,"height":476,"mime-type":"image\/jpeg","filesize":56009,"url":"https:\/\/poleasingowe.pl\/blog\/wp-content\/uploads\/2024\/10\/board-768x476.jpg"},"1536x1536":{"file":"board-1536x953.jpg","width":1536,"height":953,"mime-type":"image\/jpeg","filesize":154600,"url":"https:\/\/poleasingowe.pl\/blog\/wp-content\/uploads\/2024\/10\/board-1536x953.jpg"}},"image_meta":{"aperture":"0","credit":"","camera":"","caption":"","created_timestamp":"0","copyright":"","focal_length":"0","iso":"0","shutter_speed":"0","title":"","orientation":"0","keywords":[]},"ID":"1066","name":"board.jpg","path":"\/var\/www\/html\/wordpress\/blog\/wp-content\/uploads\/2024\/10\/board.jpg","url":"https:\/\/poleasingowe.pl\/blog\/wp-content\/uploads\/2024\/10\/board-150x150.jpg","full_url":"https:\/\/poleasingowe.pl\/blog\/wp-content\/uploads\/2024\/10\/board.jpg","title":"board","caption":"","description":"","alt":"","srcset":false},"about_team_description_left":"<p>Nasza historia si\u0119ga lat studenckich. Ju\u017c wtedy mieli\u015bmy wizj\u0119 tego, co chcemy osi\u0105gn\u0105\u0107. Po uko\u0144czeniu studi\u00f3w obaj trafili\u015bmy do jednej z czo\u0142owych firm leasingowych w Polsce. To tam zdobywali\u015bmy wiedz\u0119 i do\u015bwiadczenie, kt\u00f3re okaza\u0142o si\u0119 bezcenne. Lata pracy i obserwacji rynku leasingowego da\u0142y nam solidne podstawy do realizacji naszych marze\u0144.<\/p>\n<p>W 2009 roku postanowili\u015bmy podj\u0105\u0107 wyzwanie i stworzy\u0107 co\u015b zupe\u0142nie nowego. Naszym celem by\u0142o zmienienie oblicza rynku sprzeda\u017cy samochod\u00f3w, maszyn i przedmiot\u00f3w poleasingowych. Z pe\u0142n\u0105 \u015bwiadomo\u015bci\u0105 trudno\u015bci bran\u017cy, w kt\u00f3rej dzia\u0142ali\u015bmy, wiedzieli\u015bmy, \u017ce chcemy stworzy\u0107 us\u0142ug\u0119, kt\u00f3ra odpowie na rzeczywiste potrzeby klient\u00f3w. Tak narodzi\u0142o si\u0119 Poleasingowe.pl \u2013 z pasji i do\u015bwiadczenia<\/p>\n","about_team_description_right":"<p>Otworzyli\u015bmy nasz\u0105 siedzib\u0119 w Komornikach, niedaleko Wroc\u0142awia. Przemek, z wykszta\u0142cenia informatyk, stworzy\u0142 ca\u0142y system IT, kt\u00f3ry do dzi\u015b stanowi fundamenty naszego portalu. Artur, wykorzystuj\u0105c swoje umiej\u0119tno\u015bci handlowe i marketingowe, zaj\u0105\u0142 si\u0119 pozyskiwaniem klient\u00f3w i promocj\u0105 naszej us\u0142ugi. Ju\u017c na samym pocz\u0105tku do\u0142\u0105czy\u0142 do nas Rados\u0142aw Kopania, obecnie dyrektor operacyjny, nadzoruj\u0105cy wszystkie procesy w firmie. W kolejnych latach do naszego zespo\u0142u do\u0142\u0105czy\u0142 Mateusz Laska, kt\u00f3ry pe\u0142ni funkcj\u0119 prokurenta i dyrektora handlowego, zarz\u0105dzaj\u0105c oddzia\u0142em w Tarczynie ko\u0142o Warszawy.<\/p>\n","about_history_subheader":"Poznaj nas bli\u017cej","about_history_header":"Nasza historia","about_history_years":[{"about_history_year":"2024","about_history_image":"1821","about_history_description":"Przemianowali\u015bmy si\u0119 na Poleasingowe.pl, co by\u0142o kolejnym krokiem w naszej drodze do ugruntowania pozycji na rynku. Organizujemy \u015brednio 3000 aukcji miesi\u0119cznie, zatrudniaj\u0105c przy tym blisko 60 pracownik\u00f3w. Posiadamy \u0142\u0105cznie 13 hektar\u00f3w plac\u00f3w we wszystkich lokalizacjach. Rozpocz\u0119li\u015bmy wspieranie fundacji Rafa\u0142a Sonika Stars4Stars."},{"about_history_year":"2023","about_history_image":"1820","about_history_description":"Kontynuowali\u015bmy rozw\u00f3j naszej marki, wprowadzaj\u0105c nowe narz\u0119dzia marketingowe i organizacyjne. Otrzymali\u015bmy wyr\u00f3\u017cnienie Tuzy Biznesu w kategorii \"strateg biznesu\", co by\u0142o dla nas wzmocnieniem naszej pozycji. Otwarcie oddzia\u0142u w Mi\u0119kini poszerzy\u0142o nasz\u0105 infrastruktur\u0119."},{"about_history_year":"2022","about_history_image":"1819","about_history_description":"Otworzyli\u015bmy Bidcar.pl by zrewolucjonizowa\u0107 rynek samochod\u00f3w usuwanych. Powsta\u0142 nowy oddzia\u0142 w Tarczynie, gdzie wprowadzili\u015bmy innowacyjne zabezpieczenia plac\u00f3w oparte o sztuczn\u0105 inteligencj\u0119. Otrzymali\u015bmy Diamenty Forbesa, co by\u0142o dowodem naszego wzrostu."},{"about_history_year":"2021","about_history_image":"1075","about_history_description":"Trudny rok, w kt\u00f3rym pandemia sk\u0142oni\u0142a nas do rozwoju platformy e-commerce, a tak\u017ce intensyfikacji dzia\u0142a\u0144 marketingowych. Opublikowali\u015bmy darmowe raporty AutoDNA na naszych aukcjach, co by\u0142o kolejnym krokiem w naszym rozwoju."},{"about_history_year":"2020","about_history_image":"1074","about_history_description":"Rok wyzwa\u0144 i wsp\u00f3\u0142pracy - mimo pandemii, rozpocz\u0119li\u015bmy wsp\u00f3\u0142prac\u0119 z WO\u015aP, intensyfikuj\u0105c nasze dzia\u0142ania charytatywne. Otrzymali\u015bmy tak\u017ce presti\u017cowe wyr\u00f3\u017cnienie Gazeli Biznesu. Nawi\u0105zali\u015bmy wsp\u00f3\u0142prac\u0119 z Millennium i Fraikin."},{"about_history_year":"2019","about_history_image":"1080","about_history_description":"Wprowadzili\u015bmy nowe rozwi\u0105zania takie jak protoko\u0142y mobilne. Rozpocz\u0119li\u015bmy wsp\u00f3\u0142prac\u0119 z Pekao Leasing i Siemens Finance. Zacz\u0119li\u015bmy aktywnie wspiera\u0107 fundacj\u0119 \"Na Ratunek\", dzi\u0119ki czemu nasze dzia\u0142ania charytatywne zyska\u0142y na znaczeniu."},{"about_history_year":"2018","about_history_image":"1842","about_history_description":"Rozpocz\u0119li\u015bmy wykorzystywanie technologii skanera 360 stopni i wideoinspekcji. Nawi\u0105zali\u015bmy wa\u017cne partnerstwa z BZWBK, Strabag i Carefleet. Organizacja pierwszej konferencji remarketingowej by\u0142a tak\u017ce wa\u017cnym wydarzeniem w naszej historii."},{"about_history_year":"2017","about_history_image":"1841","about_history_description":"Innowacje i rozw\u00f3j - wprowadzili\u015bmy identyfikacj\u0119 pojazd\u00f3w na placach poprzez kody QR, jednocze\u015bnie zwi\u0119kszaj\u0105c nasze zaanga\u017cowanie w rozw\u00f3j dzia\u0142u handlowego."},{"about_history_year":"2016","about_history_image":"1844","about_history_description":"Ekspansja na Mazowsze - otworzyli\u015bmy plac i magazyn w wojew\u00f3dztwie mazowieckim, co umo\u017cliwi\u0142o nam jeszcze wi\u0119kszy zasi\u0119g dzia\u0142ania. Rozpocz\u0119li\u015bmy r\u00f3wnie\u017c owocn\u0105 wsp\u00f3\u0142prac\u0119 z Alior Leasing i aktywne dzia\u0142ania marketingowe w mediach spo\u0142eczno\u015bciowych."},{"about_history_year":"2015","about_history_image":"1840","about_history_description":"Rebranding i modernizacja - zdecydowali\u015bmy si\u0119 na rebranding z\u00a0remarketing.com.pl na poleasingowe.pl, a tak\u017ce wprowadzili\u015bmy zmiany w systemie aukcyjnym, wykorzystuj\u0105c najnowsze technologie informatyczne."},{"about_history_year":"2014","about_history_image":"1839","about_history_description":"Rozszerzenie portfela klient\u00f3w - nawi\u0105zali\u015bmy wa\u017cne wsp\u00f3\u0142prace z PKO Leasing i Reifaisen, co dodatkowo wzmocni\u0142o nasz\u0105 pozycj\u0119 na rynku."},{"about_history_year":"2013","about_history_image":"1078","about_history_description":"Nawi\u0105zanie nowych partnerstw - rozpocz\u0119li\u015bmy owocn\u0105 wsp\u00f3\u0142prac\u0119 z ING Lease, jednocze\u015bnie skupiaj\u0105c si\u0119 na dzia\u0142aniach zwi\u0105zanych z pozycjonowaniem naszej strony internetowej poprzez strategi\u0119 SEO."},{"about_history_year":"2012","about_history_image":"1838","about_history_description":"Rok intensywnej aktywno\u015bci, poniewa\u017c publikowali\u015bmy oko\u0142o 300 aukcji miesi\u0119cznie. Rozpocz\u0119li\u015bmy owocn\u0105 wsp\u00f3\u0142prac\u0119 z PSA Finance. Przeprowadzili\u015bmy firm\u0119 do Komornik i zwi\u0119kszyli\u015bmy nasz teren do 1 hektara."},{"about_history_year":"2011","about_history_image":"1068","about_history_description":"Pierwszy rok pe\u0142nej dzia\u0142alno\u015bci - w ci\u0105gu tego roku nawi\u0105zali\u015bmy wa\u017cne partnerstwa z Ultimo i Multirent, co stanowi\u0142o kamie\u0144 milowy w rozwijaniu naszej oferty."},{"about_history_year":"2010","about_history_image":"1837","about_history_description":"W 2009 roku otworzyli\u015bmy nasz\u0105 firm\u0119 zaledwie z czterema pracownikami. Nasze pierwsze kroki stawiali\u015bmy na 2000 m2 terenu, kt\u00f3rym dysponowali\u015bmy do przechowywania naszych przedmiot\u00f3w."}],"about_locations_subheader":"Gdzie jeste\u015bmy","about_locations_header":"Place depozytowe","about_locations_text":"<p>Posiadamy w\u0142asne place i magazyny, gdzie dbamy o bezpiecze\u0144stwo przedmiot\u00f3w. Dysponujemy trzema lokalizacjami parking\u00f3w depozytowych oraz magazyn\u00f3w.<\/p>\n","about_locations_items":[{"about_location_name":"Oddzia\u0142 Dolno\u015bl\u0105ski","about_location_address":"<p>ul. Lipowa 2,<\/p>\r\n<p>55-300 Komorniki, k. Wroc\u0142awia<\/p>","about_location_features":[{"about_location_feature_text":"Parking: 10 000 m2"},{"about_location_feature_text":"Magazyn: 2 500 m2"}]},{"about_location_name":"Oddzia\u0142 Mazowiecki","about_location_address":"<p>ul. \u017bytnia<\/p>\r\n<p>05-555 Tarczyn k.Warszawy<\/p>","about_location_features":[{"about_location_feature_text":"Parking: 30 000 m2"},{"about_location_feature_text":"Magazyn: 2 000 m2"}]},{"about_location_name":"Oddzia\u0142 Dolno\u015bl\u0105ski","about_location_address":"<p>ul. Aukcyjna<\/p>\r\n<p>55-330 Mi\u0119kinia k. Wroc\u0142awia<\/p>","about_location_features":[{"about_location_feature_text":"Parking: 76 000 m2"},{"about_location_feature_text":"Magazyn: 2 500 m2"}]}],"about_csr_subheader":"Pomagamy","about_csr_header":"Dzia\u0142ania CSR","about_csr_text":"<p>Wierzymy w spo\u0142eczn\u0105 odpowiedzialno\u015b\u0107 biznesu. Zdecydowali\u015bmy si\u0119 wspiera\u0107 inicjatywy charytatywne:<\/p>\n","about_csr_items":[{"about_csr_name":"Stars4Stars","about_csr_image":"1768","about_csr_description":"<p>Fundacja Stars4Stars za\u0142o\u017cona przez Rafa\u0142a Sonika<\/p>"},{"about_csr_name":"Rajd Koguta","about_csr_image":"1766","about_csr_description":"<p>Partner g\u0142\u00f3wny Charytatywnego Rajdu Koguta<\/p>"},{"about_csr_name":"Wyprawa Maluch\u00f3w","about_csr_image":"1767","about_csr_description":"<p>Partner wspieraj\u0105cy Wielkiej Wyprawy Maluch\u00f3w<\/p>"},{"about_csr_name":"WO\u015aP","about_csr_image":"1086","about_csr_description":"<p>Wielka Orkiestra \u015awi\u0105tecznej Pomocy<\/p>"}],"financing_description_subheader":"","financing_description_header":"","financing_description_text":"","financing_description_image":false,"financing_description_video":"","financing_contact_subheader":"","financing_contact_header":"","financing_email":"","financing_phone":"","financing_form":"","insurance_description_subheader":"","insurance_description_header":"","insurance_description_text":"","insurance_description_image":false,"insurance_description_video":"","insurance_contact_subheader":"","insurance_contact_header":"","insurance_email":"","insurance_phone":"","insurance_form":"","insurance_gap_subheader":"","insurance_gap_header":"","insurance_gap_image":false,"insurance_gap_text":"","insurance2_description_subheader":"","insurance2_description_header":"","insurance2_description_text":"","insurance2_description_image":false,"insurance2_description_video":"","insurance2_contact_subheader":"","insurance2_contact_header":"","insurance2_email":"","insurance2_phone_1":"","insurance2_phone_2":"","insurance2_form":"","vinspection_description_subheader":"","vinspection_description_header":"","vinspection_description_text":"","vinspection_description_video":"","vinspection_price_subheader":"","vinspection_price_header":"","vinspection_price_text":"","vinspection_price_box_header":"","vinspection_price_box_price_feature":[],"vinspection_price_box_subheader":"","vinspection_price_box_price_regular":"","vinspection_price_box_price_promo":"","vinspection_price_box_price_vat":"","vinspection_price_box_price_button":"","settlement_description_subheader":"","settlement_description_header":"","settlement_description_text":"","settlement_description_image":false,"settlement_description_video":"","settlement_contact_subheader":"","settlement_contact_header":"","settlement_email":"","settlement_phone":"","settlement_form":"","buyback_description_subheader":"","buyback_description_header":"","buyback_description_text":"","buyback_description_image":false,"buyback_description_video":"","buyback_contact_subheader":"","buyback_contact_header":"","buyback_email":"","buyback_phone":"","buyback_form":"","transport_description_subheader":"","transport_description_header":"","transport_description_text":"","transport_description_image":false,"transport_description_video":"","transport_contact_subheader":"","transport_contact_header":"","transport_email":"","transport_phone":"","transport_form":"","fleet_description_subheader":"","fleet_description_header":"","fleet_description_text":"","fleet_contact_subheader":"","fleet_email":"","fleet_phone":"","fleet_contact_text":"","fleet_form":"","csr_description_subheader":"","csr_description_header":"","csr_description_text":"","csr_description_image":false,"csr_actions_list":[],"skaner360_description_subheader":"","skaner360_description_header":"","skaner360_description_text":"","skaner360_description_video":"","skaner360_middle_subheader":"","skaner360_middle_header":"","skaner360_middle_text_left":"","skaner360_middle_text_right":"","skaner360_last_subheader":"","skaner360_last_header":"","skaner360_last_text":"","skaner360_last_video":"","autodna_description_subheader":"","autodna_description_header":"","autodna_description_text":"","autodna_description_image":false,"autodna_description_video":"","autodna_middle_subheader":"","autodna_middle_header":"","autodna_middle_text_left":"","autodna_middle_image":false,"autodna_middle_quote":"","autodna_middle_text_right":"","autodna_last_subheader":"","autodna_last_header":"","autodna_last_text":"","autodna_last_image":false,"autotesto_description_subheader":"","autotesto_description_header":"","autotesto_description_text":"","autotesto_description_image":false,"autotesto_package_features":[],"warranty_description_video":""},"_links":{"self":[{"href":"https:\/\/poleasingowe.pl\/blog\/wp-json\/wp\/v2\/pages\/1029"}],"collection":[{"href":"https:\/\/poleasingowe.pl\/blog\/wp-json\/wp\/v2\/pages"}],"about":[{"href":"https:\/\/poleasingowe.pl\/blog\/wp-json\/wp\/v2\/types\/page"}],"author":[{"embeddable":true,"href":"https:\/\/poleasingowe.pl\/blog\/wp-json\/wp\/v2\/users\/1"}],"replies":[{"embeddable":true,"href":"https:\/\/poleasingowe.pl\/blog\/wp-json\/wp\/v2\/comments?post=1029"}],"version-history":[{"count":1,"href":"https:\/\/poleasingowe.pl\/blog\/wp-json\/wp\/v2\/pages\/1029\/revisions"}],"predecessor-version":[{"id":1082,"href":"https:\/\/poleasingowe.pl\/blog\/wp-json\/wp\/v2\/pages\/1029\/revisions\/1082"}],"wp:attachment":[{"href":"https:\/\/poleasingowe.pl\/blog\/wp-json\/wp\/v2\/media?parent=1029"}],"curies":[{"name":"wp","href":"https:\/\/api.w.org\/{rel}","templated":true}]}}