{"id":1653,"date":"2025-08-15T14:22:59","date_gmt":"2025-08-15T12:22:59","guid":{"rendered":"https:\/\/poleasingowe.pl\/blog\/ubezpiecz-samochod-bespa\/"},"modified":"2025-11-24T15:59:11","modified_gmt":"2025-11-24T14:59:11","slug":"ubezpiecz-samochod","status":"publish","type":"page","link":"https:\/\/poleasingowe.pl\/blog\/ubezpiecz-samochod\/","title":{"rendered":"Ubezpiecz Samoch\u00f3d BESPA"},"content":{"rendered":"","protected":false},"excerpt":{"rendered":"","protected":false},"author":1,"featured_media":0,"parent":0,"menu_order":0,"comment_status":"closed","ping_status":"closed","template":"templates\/insurance2.php","meta":{"footnotes":""},"class_list":["post-1653","page","type-page","status-publish","hentry"],"yoast_head":"<!-- This site is optimized with the Yoast SEO Premium plugin v24.4 (Yoast SEO v24.4) - https:\/\/yoast.com\/wordpress\/plugins\/seo\/ -->\n<title>Ubezpiecz Samoch\u00f3d BESPA - Blog Poleasingowe.pl<\/title>\n<meta name=\"robots\" content=\"index, follow, max-snippet:-1, max-image-preview:large, max-video-preview:-1\" \/>\n<link rel=\"canonical\" href=\"https:\/\/poleasingowe.pl\/blog\/ubezpiecz-samochod\/\" \/>\n<meta property=\"og:locale\" content=\"pl_PL\" \/>\n<meta property=\"og:type\" content=\"article\" \/>\n<meta property=\"og:title\" content=\"Ubezpiecz Samoch\u00f3d BESPA\" \/>\n<meta property=\"og:url\" content=\"https:\/\/poleasingowe.pl\/blog\/ubezpiecz-samochod\/\" \/>\n<meta property=\"og:site_name\" content=\"Blog Poleasingowe.pl\" \/>\n<meta property=\"article:publisher\" content=\"https:\/\/www.facebook.com\/poleasingowepl\" \/>\n<meta property=\"article:modified_time\" content=\"2025-11-24T14:59:11+00:00\" \/>\n<meta name=\"twitter:card\" content=\"summary_large_image\" \/>\n<script type=\"application\/ld+json\" class=\"yoast-schema-graph\">{\"@context\":\"https:\/\/schema.org\",\"@graph\":[{\"@type\":\"WebPage\",\"@id\":\"https:\/\/poleasingowe.pl\/blog\/ubezpiecz-samochod\/\",\"url\":\"https:\/\/poleasingowe.pl\/blog\/ubezpiecz-samochod\/\",\"name\":\"Ubezpiecz Samoch\u00f3d BESPA - Blog Poleasingowe.pl\",\"isPartOf\":{\"@id\":\"https:\/\/poleasingowe.pl\/blog\/#website\"},\"datePublished\":\"2025-08-15T12:22:59+00:00\",\"dateModified\":\"2025-11-24T14:59:11+00:00\",\"breadcrumb\":{\"@id\":\"https:\/\/poleasingowe.pl\/blog\/ubezpiecz-samochod\/#breadcrumb\"},\"inLanguage\":\"pl-PL\",\"potentialAction\":[{\"@type\":\"ReadAction\",\"target\":[\"https:\/\/poleasingowe.pl\/blog\/ubezpiecz-samochod\/\"]}]},{\"@type\":\"BreadcrumbList\",\"@id\":\"https:\/\/poleasingowe.pl\/blog\/ubezpiecz-samochod\/#breadcrumb\",\"itemListElement\":[{\"@type\":\"ListItem\",\"position\":1,\"name\":\"Strona g\u0142\u00f3wna\",\"item\":\"https:\/\/poleasingowe.pl\/blog\/\"},{\"@type\":\"ListItem\",\"position\":2,\"name\":\"Ubezpiecz Samoch\u00f3d BESPA\"}]},{\"@type\":\"WebSite\",\"@id\":\"https:\/\/poleasingowe.pl\/blog\/#website\",\"url\":\"https:\/\/poleasingowe.pl\/blog\/\",\"name\":\"Blog Poleasingowe.pl\",\"description\":\"Blog Poleasingowe.pl\",\"publisher\":{\"@id\":\"https:\/\/poleasingowe.pl\/blog\/#organization\"},\"potentialAction\":[{\"@type\":\"SearchAction\",\"target\":{\"@type\":\"EntryPoint\",\"urlTemplate\":\"https:\/\/poleasingowe.pl\/blog\/?s={search_term_string}\"},\"query-input\":{\"@type\":\"PropertyValueSpecification\",\"valueRequired\":true,\"valueName\":\"search_term_string\"}}],\"inLanguage\":\"pl-PL\"},{\"@type\":\"Organization\",\"@id\":\"https:\/\/poleasingowe.pl\/blog\/#organization\",\"name\":\"Blog Poleasingowe.pl\",\"url\":\"https:\/\/poleasingowe.pl\/blog\/\",\"logo\":{\"@type\":\"ImageObject\",\"inLanguage\":\"pl-PL\",\"@id\":\"https:\/\/poleasingowe.pl\/blog\/#\/schema\/logo\/image\/\",\"url\":\"https:\/\/poleasingowe.pl\/blog\/wp-content\/uploads\/2024\/11\/cropped-fav_red_white.png\",\"contentUrl\":\"https:\/\/poleasingowe.pl\/blog\/wp-content\/uploads\/2024\/11\/cropped-fav_red_white.png\",\"width\":512,\"height\":512,\"caption\":\"Blog Poleasingowe.pl\"},\"image\":{\"@id\":\"https:\/\/poleasingowe.pl\/blog\/#\/schema\/logo\/image\/\"},\"sameAs\":[\"https:\/\/www.facebook.com\/poleasingowepl\",\"https:\/\/www.linkedin.com\/showcase\/poleasingowepl\/\",\"https:\/\/www.instagram.com\/poleasingowe.pl\/\"]}]}<\/script>\n<!-- \/ Yoast SEO Premium plugin. -->","yoast_head_json":{"title":"Ubezpiecz Samoch\u00f3d BESPA - Blog Poleasingowe.pl","robots":{"index":"index","follow":"follow","max-snippet":"max-snippet:-1","max-image-preview":"max-image-preview:large","max-video-preview":"max-video-preview:-1"},"canonical":"https:\/\/poleasingowe.pl\/blog\/ubezpiecz-samochod\/","og_locale":"pl_PL","og_type":"article","og_title":"Ubezpiecz Samoch\u00f3d BESPA","og_url":"https:\/\/poleasingowe.pl\/blog\/ubezpiecz-samochod\/","og_site_name":"Blog Poleasingowe.pl","article_publisher":"https:\/\/www.facebook.com\/poleasingowepl","article_modified_time":"2025-11-24T14:59:11+00:00","twitter_card":"summary_large_image","schema":{"@context":"https:\/\/schema.org","@graph":[{"@type":"WebPage","@id":"https:\/\/poleasingowe.pl\/blog\/ubezpiecz-samochod\/","url":"https:\/\/poleasingowe.pl\/blog\/ubezpiecz-samochod\/","name":"Ubezpiecz Samoch\u00f3d BESPA - Blog Poleasingowe.pl","isPartOf":{"@id":"https:\/\/poleasingowe.pl\/blog\/#website"},"datePublished":"2025-08-15T12:22:59+00:00","dateModified":"2025-11-24T14:59:11+00:00","breadcrumb":{"@id":"https:\/\/poleasingowe.pl\/blog\/ubezpiecz-samochod\/#breadcrumb"},"inLanguage":"pl-PL","potentialAction":[{"@type":"ReadAction","target":["https:\/\/poleasingowe.pl\/blog\/ubezpiecz-samochod\/"]}]},{"@type":"BreadcrumbList","@id":"https:\/\/poleasingowe.pl\/blog\/ubezpiecz-samochod\/#breadcrumb","itemListElement":[{"@type":"ListItem","position":1,"name":"Strona g\u0142\u00f3wna","item":"https:\/\/poleasingowe.pl\/blog\/"},{"@type":"ListItem","position":2,"name":"Ubezpiecz Samoch\u00f3d BESPA"}]},{"@type":"WebSite","@id":"https:\/\/poleasingowe.pl\/blog\/#website","url":"https:\/\/poleasingowe.pl\/blog\/","name":"Blog Poleasingowe.pl","description":"Blog Poleasingowe.pl","publisher":{"@id":"https:\/\/poleasingowe.pl\/blog\/#organization"},"potentialAction":[{"@type":"SearchAction","target":{"@type":"EntryPoint","urlTemplate":"https:\/\/poleasingowe.pl\/blog\/?s={search_term_string}"},"query-input":{"@type":"PropertyValueSpecification","valueRequired":true,"valueName":"search_term_string"}}],"inLanguage":"pl-PL"},{"@type":"Organization","@id":"https:\/\/poleasingowe.pl\/blog\/#organization","name":"Blog Poleasingowe.pl","url":"https:\/\/poleasingowe.pl\/blog\/","logo":{"@type":"ImageObject","inLanguage":"pl-PL","@id":"https:\/\/poleasingowe.pl\/blog\/#\/schema\/logo\/image\/","url":"https:\/\/poleasingowe.pl\/blog\/wp-content\/uploads\/2024\/11\/cropped-fav_red_white.png","contentUrl":"https:\/\/poleasingowe.pl\/blog\/wp-content\/uploads\/2024\/11\/cropped-fav_red_white.png","width":512,"height":512,"caption":"Blog Poleasingowe.pl"},"image":{"@id":"https:\/\/poleasingowe.pl\/blog\/#\/schema\/logo\/image\/"},"sameAs":["https:\/\/www.facebook.com\/poleasingowepl","https:\/\/www.linkedin.com\/showcase\/poleasingowepl\/","https:\/\/www.instagram.com\/poleasingowe.pl\/"]}]}},"meta_box":{"about_description_subheader":"","about_description_header":"","about_description_text_left":"","about_description_text_right":"","about_numbers_subheader":"","about_numbers_header":"","about_numbers_2":"","about_numbers_3":"","about_numbers_4":"","about_numbers_5":"","about_numbers_6":"","about_description_video":"","about_team_subheader":"","about_team_header":"","about_team_image":false,"about_team_description_left":"","about_team_description_right":"","about_history_subheader":"","about_history_header":"","about_history_years":[],"about_locations_subheader":"","about_locations_header":"","about_locations_text":"","about_locations_items":[],"about_csr_subheader":"","about_csr_header":"","about_csr_text":"","about_csr_items":[],"financing_description_subheader":"","financing_description_header":"","financing_description_text":"","financing_description_image":false,"financing_description_video":"","financing_contact_subheader":"","financing_contact_header":"","financing_email":"","financing_phone":"","financing_form":"","insurance_description_subheader":"","insurance_description_header":"","insurance_description_text":"","insurance_description_image":false,"insurance_description_video":"","insurance_contact_subheader":"","insurance_contact_header":"","insurance_email":"","insurance_phone":"","insurance_form":"","insurance_gap_subheader":"","insurance_gap_header":"","insurance_gap_image":false,"insurance_gap_text":"","insurance2_description_subheader":"Szybko, wygodnie, profesjonalnie","insurance2_description_header":"Ubezpiecz sw\u00f3j samoch\u00f3d \u2028z Poleasingowe.pl i BESPA","insurance2_description_text":"<p><strong>Znalaz\u0142e\u015b wymarzony pojazd?\u00a0<\/strong><\/p>\n<p>Zadbaj o jego ubezpieczenie razem z zespo\u0142em BESPA Ubezpieczenia, z kt\u00f3rym dzia\u0142amy na co dzie\u0144! Przygotujemy dla Ciebie najlepsz\u0105 ofert\u0119 OC\/AC, w pe\u0142ni dopasowan\u0105 do Twoich potrzeb.<\/p>\n","insurance2_description_image":{"width":150,"height":150,"file":"2025\/08\/bespa.webp","filesize":713724,"sizes":{"medium":{"file":"bespa-510x339.webp","width":510,"height":339,"mime-type":"image\/webp","filesize":15624,"url":"https:\/\/poleasingowe.pl\/blog\/wp-content\/uploads\/2025\/08\/bespa-510x339.webp"},"large":{"file":"bespa-900x598.webp","width":900,"height":598,"mime-type":"image\/webp","filesize":31208,"url":"https:\/\/poleasingowe.pl\/blog\/wp-content\/uploads\/2025\/08\/bespa-900x598.webp"},"thumbnail":{"file":"bespa-150x150.webp","width":150,"height":150,"mime-type":"image\/webp","filesize":4544,"url":"https:\/\/poleasingowe.pl\/blog\/wp-content\/uploads\/2025\/08\/bespa-150x150.webp"},"medium_large":{"file":"bespa-768x511.webp","width":768,"height":511,"mime-type":"image\/webp","filesize":25552,"url":"https:\/\/poleasingowe.pl\/blog\/wp-content\/uploads\/2025\/08\/bespa-768x511.webp"}},"image_meta":{"aperture":"0","credit":"","camera":"","caption":"","created_timestamp":"0","copyright":"","focal_length":"0","iso":"0","shutter_speed":"0","title":"","orientation":"0","keywords":[]},"ID":"1656","name":"bespa.webp","path":"\/var\/www\/html\/wordpress\/blog\/wp-content\/uploads\/2025\/08\/bespa.webp","url":"https:\/\/poleasingowe.pl\/blog\/wp-content\/uploads\/2025\/08\/bespa-150x150.webp","full_url":"https:\/\/poleasingowe.pl\/blog\/wp-content\/uploads\/2025\/08\/bespa.webp","title":"bespa","caption":"","description":"","alt":"","srcset":false},"insurance2_description_video":"","insurance2_contact_subheader":"Kontakt","insurance2_contact_header":"Skontaktuj si\u0119 z nami ju\u017c teraz","insurance2_email":"kontakt@bespa.pl","insurance2_phone_1":"+48 572 187 431","insurance2_phone_2":"+48 451 272 828","insurance2_form":"1654","vinspection_description_subheader":"","vinspection_description_header":"","vinspection_description_text":"","vinspection_description_video":"","vinspection_price_subheader":"","vinspection_price_header":"","vinspection_price_text":"","vinspection_price_box_header":"","vinspection_price_box_price_feature":[],"vinspection_price_box_subheader":"","vinspection_price_box_price_regular":"","vinspection_price_box_price_promo":"","vinspection_price_box_price_vat":"","vinspection_price_box_price_button":"","settlement_description_subheader":"","settlement_description_header":"","settlement_description_text":"","settlement_description_image":false,"settlement_description_video":"","settlement_contact_subheader":"","settlement_contact_header":"","settlement_email":"","settlement_phone":"","settlement_form":"","buyback_description_subheader":"","buyback_description_header":"","buyback_description_text":"","buyback_description_image":false,"buyback_description_video":"","buyback_contact_subheader":"","buyback_contact_header":"","buyback_email":"","buyback_phone":"","buyback_form":"","transport_description_subheader":"","transport_description_header":"","transport_description_text":"","transport_description_image":false,"transport_description_video":"","transport_contact_subheader":"","transport_contact_header":"","transport_email":"","transport_phone":"","transport_form":"","fleet_description_subheader":"","fleet_description_header":"","fleet_description_text":"","fleet_contact_subheader":"","fleet_email":"","fleet_phone":"","fleet_contact_text":"","fleet_form":"","csr_description_subheader":"","csr_description_header":"","csr_description_text":"","csr_description_image":false,"csr_actions_list":[],"skaner360_description_subheader":"","skaner360_description_header":"","skaner360_description_text":"","skaner360_description_video":"","skaner360_middle_subheader":"","skaner360_middle_header":"","skaner360_middle_text_left":"","skaner360_middle_text_right":"","skaner360_last_subheader":"","skaner360_last_header":"","skaner360_last_text":"","skaner360_last_video":"","autodna_description_subheader":"","autodna_description_header":"","autodna_description_text":"","autodna_description_image":false,"autodna_description_video":"","autodna_middle_subheader":"","autodna_middle_header":"","autodna_middle_text_left":"","autodna_middle_image":false,"autodna_middle_quote":"","autodna_middle_text_right":"","autodna_last_subheader":"","autodna_last_header":"","autodna_last_text":"","autodna_last_image":false,"autotesto_description_subheader":"","autotesto_description_header":"","autotesto_description_text":"","autotesto_description_image":false,"autotesto_package_features":[],"warranty_description_video":""},"_links":{"self":[{"href":"https:\/\/poleasingowe.pl\/blog\/wp-json\/wp\/v2\/pages\/1653"}],"collection":[{"href":"https:\/\/poleasingowe.pl\/blog\/wp-json\/wp\/v2\/pages"}],"about":[{"href":"https:\/\/poleasingowe.pl\/blog\/wp-json\/wp\/v2\/types\/page"}],"author":[{"embeddable":true,"href":"https:\/\/poleasingowe.pl\/blog\/wp-json\/wp\/v2\/users\/1"}],"replies":[{"embeddable":true,"href":"https:\/\/poleasingowe.pl\/blog\/wp-json\/wp\/v2\/comments?post=1653"}],"version-history":[{"count":1,"href":"https:\/\/poleasingowe.pl\/blog\/wp-json\/wp\/v2\/pages\/1653\/revisions"}],"predecessor-version":[{"id":1657,"href":"https:\/\/poleasingowe.pl\/blog\/wp-json\/wp\/v2\/pages\/1653\/revisions\/1657"}],"wp:attachment":[{"href":"https:\/\/poleasingowe.pl\/blog\/wp-json\/wp\/v2\/media?parent=1653"}],"curies":[{"name":"wp","href":"https:\/\/api.w.org\/{rel}","templated":true}]}}